{"id":79,"date":"2023-11-16T13:25:17","date_gmt":"2023-11-16T13:25:17","guid":{"rendered":"https:\/\/staging.capannaadula.casticino.ch\/?page_id=79"},"modified":"2024-06-13T07:45:57","modified_gmt":"2024-06-13T07:45:57","slug":"zugange","status":"publish","type":"page","link":"https:\/\/capannaadula.casticino.ch\/?page_id=79&lang=de","title":{"rendered":"ZUG\u00c4NGE"},"content":{"rendered":"\n<h3 class=\"wp-block-heading\">Wie man die H\u00fctte erreicht<\/h3>\n\n\n\n<p><strong>Im Sommer<\/strong>, ist die H\u00fctte leicht, auf einem breiten Wanderweg durch das Val Carassino, erreichbar. Dieser Weg ist auch f\u00fcr Familien besonders geeignet.<\/p>\n\n\n\n<p>Das Tal ist ca. 6 km lang und f\u00fchrt an 2 Alpen (Alpe Bolla zu Beginn des Tals und Alpe Bresciana) vorbei, wo ein ausgezeichneter K\u00e4se produziert wird, den Sie auch in der H\u00fctte geniessen k\u00f6nnen. Dank der N\u00e4he und einfache Zug\u00e4nglichkeit des Flusses, ist im Sommer diese Wanderung ideal f\u00fcr die ganze Familie (ca. 2.40 Std.) Mit dem Mountain Bike k\u00fcrzen sich die Zeiten um ca. 1 Std. Technisch sehr einfach und darum auch f\u00fcr Anf\u00e4nger geeignet.<\/p>\n\n\n\n<p><strong>Im Winter<\/strong>&nbsp;erreichen Sie die H\u00fctte mit den Skiern von Dangio via Val Soi oder ab Ghirone-Luzzone \u2013 Val Carassino. Alle Routen sind nur bei sicheren Schneeverh\u00e4ltnissen begehbar und vorzugsweise im Fr\u00fchling.<\/p>\n\n\n\n<p><strong>Lage:<\/strong><br>\u2013 Alta Val Carassino, Val Soi<br>\u2013 2\u2019012 m \u00fc.M.<br>\u2013 CNS 1253 Olivone<br>\u2013 Skitouren Kartenblatt 266S \u2013 Valle Leventina<br>\u2013 Koordinaten 719.510 \u2013 150.950<\/p>\n\n\n\n<p><strong>Sommerzug\u00e4nge:<\/strong><br>\u2013 Luzzone \u2013 Compietto (Parkplatz) \u2013 Val Carassino in 2,40 Std.; &nbsp;mit dem MTB in ca. 1 Std.<br>\u2013 Dangio \u2013 Haltestelle \u00d6V \u2013 der Val Soi entlang in ca. 3 Std<\/p>\n\n\n\n<p>\u2013 Val Malvaglia \u2013 Cusi\u00e8 (Parkplatz) \u2013 via Passo del Laghetto \u2013 in ca. 5 Std.<br>\u2013 Von der L\u00e4nta H\u00fctte via Bocchetta&nbsp;Fornee<\/p>\n\n\n\n<p><strong>Winterzugang:<\/strong><br>\u2013&nbsp;Ab Ghirone 5 Std.<br>\u2013 Ab Dangio&nbsp;3,5 Std.<\/p>\n\n\n\n<p><strong>\u00dcberquerungen zu anderen H\u00fctten:<br><\/strong>\u2013&nbsp;<a href=\"http:\/\/capannamotterascio.casticino.ch\/\">Motterascio&nbsp;H\u00fctte<\/a>&nbsp;5 Std<br>\u2013&nbsp;<a href=\"http:\/\/laentahuette.ch\/it\/startseite.html\">L\u00e4ntah\u00fctte<\/a>&nbsp;5 Std<br>\u2013&nbsp;<a href=\"http:\/\/adula-utoe.ch\/\">Adula UTOE&nbsp;H\u00fctte<\/a>&nbsp;1 Std<br>\u2013&nbsp;<a href=\"http:\/\/quarnei.ch\/\">Quarnei&nbsp;H\u00fctte<\/a>&nbsp;3-4 Std<\/p>\n\n\n\n<p><strong>Transport:<\/strong><br>Mit dem Auto:<br>\u2022 A2 bis Biasca, Ausfahrt Richtung Lukmanierpass, das Bleniotal hochfahren bis Campo Blenio\/Ghirone<br>\u2022 zur Staumauer des Lago di Luzzone hochfahren, im Tunnel durch die Staumauer fahren und dann zur Alpe Compietto hochfahren<br>\u2022 oder das Auto direkt in Ghirone lassen, und mit dem Alpinbus bis zum Stausee hochfahren (<a href=\"http:\/\/www.autolinee.ch\/greina\"><strong>Fahrplan<\/strong><\/a>)<\/p>\n\n\n\n<p>Mit den \u00d6V:<br>\u2022 mit dem Zug (S10) bis Biasca (Fahrplan&nbsp;<a href=\"https:\/\/www.sbb.ch\/it\/acquistare\/pages\/fahrplan\/fahrplan.xhtml\"><strong>SBB<\/strong><\/a>)<br>\u2022 mit dem Bus (Nr. 131) bis Olivone -&gt; Ghirone<br>\u2022 mit dem Alpinbus bis zur Satumauer des Lago Luzzone (<a href=\"http:\/\/www.autolinee.ch\/greina\"><strong>Fahrplan<\/strong><\/a>)<\/p>\n\n\n\n<p>Mit dem Taxi:<br>\u2022 Taxi Riviera (Biasca) 079 413 68 68<\/p>\n\n\n\n<p><strong>Wander- und Trekkingvorschl\u00e4ge<\/strong><\/p>\n\n\n\n<p>Unter der Seite\u00a0<a href=\"https:\/\/capannaadula.casticino.ch\/?page_id=81&amp;lang=de\" data-type=\"link\" data-id=\"https:\/\/capannaadula.casticino.ch\/?page_id=81&amp;lang=de\"><strong>Aktivit\u00e4ten<\/strong><\/a>\u00a0schlagen wir euch einige Routen und Sehensw\u00fcrdigkeiten vor, welche ihr an einem Tag oder auch auf mehrere Tage verteilt entdecken k\u00f6nnt. F\u00fcr weitere Tipps d\u00fcrft ihr uns jederzeit anzurufen!<\/p>\n\n\n\n<p><strong>Cartina itinerari:<\/strong><\/p>\n\n\n\n<div> <iframe loading=\"lazy\" style=\"border: none; position: relative; width: 100%; height: 1000px;\" src=\"https:\/\/map.schweizmobil.ch\/?lang=it&#038;land=wanderland&#038;route=all&#038;layers=Wanderland%2CStation%2CAccomodation&#038;bgLayer=pk&#038;season=summer&#038;resolution=5&#038;E=2719674&#038;N=1151150\" name=\"Cartina_svizzeramobile\" width=\"1000\" height=\"500\">\n<p>Il tuo browser non supporta gli iframe<\/p>\n<p>&nbsp;<\/p><\/iframe>\n<\/div>\n","protected":false},"excerpt":{"rendered":"<p>Wie man die H\u00fctte erreicht Im Sommer, ist die H\u00fctte leicht, auf einem breiten Wanderweg durch das Val Carassino, erreichbar. Dieser Weg ist auch f\u00fcr Familien besonders geeignet. Das Tal ist ca. 6 km lang und f\u00fchrt an 2 Alpen (Alpe Bolla zu Beginn des Tals und Alpe Bresciana) vorbei, wo ein ausgezeichneter K\u00e4se produziert [&hellip;]<\/p>\n","protected":false},"author":2,"featured_media":0,"parent":0,"menu_order":0,"comment_status":"closed","ping_status":"closed","template":"","meta":{"footnotes":""},"class_list":["post-79","page","type-page","status-publish","hentry"],"_links":{"self":[{"href":"https:\/\/capannaadula.casticino.ch\/index.php?rest_route=\/wp\/v2\/pages\/79","targetHints":{"allow":["GET"]}}],"collection":[{"href":"https:\/\/capannaadula.casticino.ch\/index.php?rest_route=\/wp\/v2\/pages"}],"about":[{"href":"https:\/\/capannaadula.casticino.ch\/index.php?rest_route=\/wp\/v2\/types\/page"}],"author":[{"embeddable":true,"href":"https:\/\/capannaadula.casticino.ch\/index.php?rest_route=\/wp\/v2\/users\/2"}],"replies":[{"embeddable":true,"href":"https:\/\/capannaadula.casticino.ch\/index.php?rest_route=%2Fwp%2Fv2%2Fcomments&post=79"}],"version-history":[{"count":3,"href":"https:\/\/capannaadula.casticino.ch\/index.php?rest_route=\/wp\/v2\/pages\/79\/revisions"}],"predecessor-version":[{"id":469,"href":"https:\/\/capannaadula.casticino.ch\/index.php?rest_route=\/wp\/v2\/pages\/79\/revisions\/469"}],"wp:attachment":[{"href":"https:\/\/capannaadula.casticino.ch\/index.php?rest_route=%2Fwp%2Fv2%2Fmedia&parent=79"}],"curies":[{"name":"wp","href":"https:\/\/api.w.org\/{rel}","templated":true}]}}