{"id":77,"date":"2023-11-16T13:24:34","date_gmt":"2023-11-16T13:24:34","guid":{"rendered":"https:\/\/staging.capannaadula.casticino.ch\/?page_id=77"},"modified":"2024-04-09T13:07:06","modified_gmt":"2024-04-09T13:07:06","slug":"angebot","status":"publish","type":"page","link":"https:\/\/capannaadula.casticino.ch\/?page_id=77&lang=de","title":{"rendered":"ANGEBOT"},"content":{"rendered":"\n<h3 class=\"wp-block-heading\">Essen und trinken<\/h3>\n\n\n\n<p>Die sonnige Panorama-Terrasse l\u00e4dt Sie dazu ein, das Mittagessen draussen zu konsumieren.<br>T\u00e4glich kochen wir unsere Speisen mit regionalen Produkten:<br>Pizzoccheri, Gnocchi mit Ricotta von der Alp, Kalbsb\u00e4ckchen, Schmorbraten mit Polenta und am Wochenende Gitzi aus dem Ofen.<br>Immer f\u00fcr Sie bereit sind unsere hausgemachten Kuchen aus dem Holzofen, wie zum Beispiel Karotten- oder Apfelkuchen.<br>Wer in der H\u00fctte \u00fcbernachtet, kommt in den Genuss eines Abendessens mit Spezialit\u00e4ten aus der Region \u2013 je nach Verf\u00fcgbarkeit der Produkte und nach Laune der K\u00fcche! Am Morgen gibt es ein reichhaltiges Fr\u00fchst\u00fccksbuffet, das euch die n\u00f6tige Energie f\u00fcr neue Abenteuer liefert!<br>WICHTIG: \u200bLasst uns bitte bei der Reservation schon wissen, ob ihr Vegetarier\/Veganer seid oder an Allergien oder an Intoleranzen leidet. Wir werden versuchen, auf die individuellen W\u00fcnsche einzugehen.<\/p>\n\n\n\n<h3 class=\"wp-block-heading\">\u00dcbernachten<\/h3>\n\n\n\n<p>Die H\u00fctte verf\u00fcgt \u00fcber 4 kleine Schlafr\u00e4ume mit 4-5-7 Schlafpl\u00e4tze, geeignet auch f\u00fcr Familien. Gegen Aufpreis stehen auch 2 Doppelzimmer, mit frischer Bett-Badew\u00e4sche, zur Verf\u00fcgung.<br>Alle Betten sind mit warmen und gem\u00fctlichen Daunendecken und Kissen ausgestattet. Aus hygienischen Gr\u00fcnden ist ein H\u00fcttenschlafsack obligatorisch. Wer keinen besitzt, kann bei uns einen Einweg-Schlafsack kaufen.<\/p>\n\n\n\n<h3 class=\"wp-block-heading\">Hunde<\/h3>\n\n\n\n<p>Eure vierbeinigen Freunde sind bei uns in der H\u00fctte willkommen, haben jedoch keinen Zutritt zu den Innenr\u00e4umen.<br>F\u00fcr sie gibt es die M\u00f6glichkeit in einem Magazin eine Unterkunft zu organisieren, oder sonst in einer Hundeh\u00fctte im Freien. Unbedingt voranmelden, wenn Sie Ihren Hund mitnehmen m\u00f6chtet!<\/p>\n\n\n\n<h3 class=\"wp-block-heading\">Reservieren<\/h3>\n\n\n\n<p>Wir empfehlen dringend, euren Aufenthalt rechtzeitig zu buchen, damit Sie nicht das Risiko eingehen, die H\u00fctte ausgebucht vorzufinden und wir k\u00f6nnen uns bestens auf Ihren Besuch vorbereiten!<br>Unter\u00a0<a href=\"http:\/\/capannaadula.casticino.ch\/staging\/htdocs\/?page_id=246\">diesem<\/a>\u00a0Link\u00a0\u2013 findet ihr alle Informationen zu Preisen und Buchungsm\u00f6glichkeiten. Sonst ruft uns doch einfach an.<\/p>\n","protected":false},"excerpt":{"rendered":"<p>Essen und trinken Die sonnige Panorama-Terrasse l\u00e4dt Sie dazu ein, das Mittagessen draussen zu konsumieren.T\u00e4glich kochen wir unsere Speisen mit regionalen Produkten:Pizzoccheri, Gnocchi mit Ricotta von der Alp, Kalbsb\u00e4ckchen, Schmorbraten mit Polenta und am Wochenende Gitzi aus dem Ofen.Immer f\u00fcr Sie bereit sind unsere hausgemachten Kuchen aus dem Holzofen, wie zum Beispiel Karotten- oder Apfelkuchen.Wer [&hellip;]<\/p>\n","protected":false},"author":2,"featured_media":0,"parent":0,"menu_order":0,"comment_status":"closed","ping_status":"closed","template":"","meta":{"footnotes":""},"class_list":["post-77","page","type-page","status-publish","hentry"],"_links":{"self":[{"href":"https:\/\/capannaadula.casticino.ch\/index.php?rest_route=\/wp\/v2\/pages\/77","targetHints":{"allow":["GET"]}}],"collection":[{"href":"https:\/\/capannaadula.casticino.ch\/index.php?rest_route=\/wp\/v2\/pages"}],"about":[{"href":"https:\/\/capannaadula.casticino.ch\/index.php?rest_route=\/wp\/v2\/types\/page"}],"author":[{"embeddable":true,"href":"https:\/\/capannaadula.casticino.ch\/index.php?rest_route=\/wp\/v2\/users\/2"}],"replies":[{"embeddable":true,"href":"https:\/\/capannaadula.casticino.ch\/index.php?rest_route=%2Fwp%2Fv2%2Fcomments&post=77"}],"version-history":[{"count":2,"href":"https:\/\/capannaadula.casticino.ch\/index.php?rest_route=\/wp\/v2\/pages\/77\/revisions"}],"predecessor-version":[{"id":244,"href":"https:\/\/capannaadula.casticino.ch\/index.php?rest_route=\/wp\/v2\/pages\/77\/revisions\/244"}],"wp:attachment":[{"href":"https:\/\/capannaadula.casticino.ch\/index.php?rest_route=%2Fwp%2Fv2%2Fmedia&parent=77"}],"curies":[{"name":"wp","href":"https:\/\/api.w.org\/{rel}","templated":true}]}}