{"id":75,"date":"2023-11-16T13:23:20","date_gmt":"2023-11-16T13:23:20","guid":{"rendered":"https:\/\/staging.capannaadula.casticino.ch\/?page_id=75"},"modified":"2024-11-19T07:39:37","modified_gmt":"2024-11-19T07:39:37","slug":"die-hutte-eigenschaften","status":"publish","type":"page","link":"https:\/\/capannaadula.casticino.ch\/?page_id=75&lang=de","title":{"rendered":"DIE H\u00dcTTE &#8211; Eigenschaften"},"content":{"rendered":"\n<p><strong>Lage<\/strong>&nbsp;Die Adula CAS H\u00fctte&nbsp;(CAS Ticino) liegt auf 2012 m \u00fc.M.,&nbsp;im Bleniotal (TI). Die H\u00fctte, die zu den Kleineren z\u00e4hlt, offeriert dem Gast trotzdem die Atmosph\u00e4re und die Annehmlichkeiten die ein urspr\u00fcnglicher Bau aus Holz und Stein ausstrahlt. Die 24 Schlafpl\u00e4tze sind auf 4 Zimmer, mit 4, 5, 7 Betten, verteilt. Es stehen auch 2 Doppelzimmer (mit Aufpreis) zur Verf\u00fcgung.<\/p>\n\n\n\n<p><strong>Karten<\/strong>&nbsp;CNS 1:25&#8217;000 Blatt 1233 Greina Skitouren-Kartenblatt 256S<\/p>\n\n\n\n<p><strong>Koordinaten<\/strong>&nbsp;<strong>CH 1903+<\/strong>&nbsp;2\u2019719\u2019511.25, 1\u2019150\u2019944.28 \u2013&nbsp;<strong>WGS 84<\/strong>&nbsp;46.499144, 8.995553<\/p>\n\n\n\n<p><strong>Infrastruktur<\/strong>&nbsp;&#8211; 24 Betten (2&#215;4, 1&#215;5, 1&#215;7, 2&#215;2) \u2013&nbsp;2  Stuben mit 20 Pl\u00e4tzen, Waschr\u00e4ume, Dusche (5 CHF); Sonnenkollektoren f\u00fcr Beleuchtung, Holz- und Gasherde in der K\u00fcche.<\/p>\n\n\n\n<p><strong>Handyempfang<\/strong>&nbsp;Ziemlich guter Empfang in der n\u00e4heren Umgebung der H\u00fctte.<\/p>\n\n\n\n<p><strong>\u00d6ffnungszeiten<\/strong>&nbsp;Die H\u00fctte ist ganzj\u00e4hrig ge\u00f6ffnet und w\u00e4hrend den Sommermonaten bewartet.<\/p>\n\n\n\n<p><strong>Bewartungszeiten<\/strong>\u00a0Der H\u00fcttenwart ist ab Ende Mai bis Ende Oktober anwesend. W\u00e4hrend dieser Zeit ist auch das H\u00fcttentelefon in Betrieb +41 (0) 91 872 15 32<\/p>\n\n\n\n<p><strong>H\u00fcttenwart<\/strong>\u00a0Raffaele Demaldi +41 (0) 79 535 21 12<\/p>\n\n\n\n<p><strong>Besitzer<\/strong>&nbsp;Die H\u00fctte geh\u00f6rt der Sektion CAS Ticino&nbsp;&#8211;&nbsp;<a href=\"mailto:info@casticino.ch\">info@casticino.ch<\/a><\/p>\n","protected":false},"excerpt":{"rendered":"<p>Lage&nbsp;Die Adula CAS H\u00fctte&nbsp;(CAS Ticino) liegt auf 2012 m \u00fc.M.,&nbsp;im Bleniotal (TI). Die H\u00fctte, die zu den Kleineren z\u00e4hlt, offeriert dem Gast trotzdem die Atmosph\u00e4re und die Annehmlichkeiten die ein urspr\u00fcnglicher Bau aus Holz und Stein ausstrahlt. Die 24 Schlafpl\u00e4tze sind auf 4 Zimmer, mit 4, 5, 7 Betten, verteilt. Es stehen auch 2 Doppelzimmer [&hellip;]<\/p>\n","protected":false},"author":2,"featured_media":0,"parent":0,"menu_order":0,"comment_status":"closed","ping_status":"closed","template":"","meta":{"footnotes":""},"class_list":["post-75","page","type-page","status-publish","hentry"],"_links":{"self":[{"href":"https:\/\/capannaadula.casticino.ch\/index.php?rest_route=\/wp\/v2\/pages\/75","targetHints":{"allow":["GET"]}}],"collection":[{"href":"https:\/\/capannaadula.casticino.ch\/index.php?rest_route=\/wp\/v2\/pages"}],"about":[{"href":"https:\/\/capannaadula.casticino.ch\/index.php?rest_route=\/wp\/v2\/types\/page"}],"author":[{"embeddable":true,"href":"https:\/\/capannaadula.casticino.ch\/index.php?rest_route=\/wp\/v2\/users\/2"}],"replies":[{"embeddable":true,"href":"https:\/\/capannaadula.casticino.ch\/index.php?rest_route=%2Fwp%2Fv2%2Fcomments&post=75"}],"version-history":[{"count":5,"href":"https:\/\/capannaadula.casticino.ch\/index.php?rest_route=\/wp\/v2\/pages\/75\/revisions"}],"predecessor-version":[{"id":546,"href":"https:\/\/capannaadula.casticino.ch\/index.php?rest_route=\/wp\/v2\/pages\/75\/revisions\/546"}],"wp:attachment":[{"href":"https:\/\/capannaadula.casticino.ch\/index.php?rest_route=%2Fwp%2Fv2%2Fmedia&parent=75"}],"curies":[{"name":"wp","href":"https:\/\/api.w.org\/{rel}","templated":true}]}}