{"id":73,"date":"2023-11-16T13:22:18","date_gmt":"2023-11-16T13:22:18","guid":{"rendered":"https:\/\/staging.capannaadula.casticino.ch\/?page_id=73"},"modified":"2024-12-06T11:17:54","modified_gmt":"2024-12-06T11:17:54","slug":"tarife","status":"publish","type":"page","link":"https:\/\/capannaadula.casticino.ch\/?page_id=73&lang=de","title":{"rendered":"TARIFE"},"content":{"rendered":"\n<h3 class=\"wp-block-heading\">TARIFE<\/h3>\n\n\n\n<p>Der Preis beinhaltet jeweils die \u00dcbernachtung, das 4-Gang Abendessen (Suppe, Salat, Hauptgang, Dessert) und ein Fr\u00fchst\u00fccksbuffet. Alle Preise verstehen sich inkl. Mwst.<\/p>\n\n\n\n<figure class=\"wp-block-table\"><table><thead><tr><th colspan=\"3\">SAC-Mitglieder und Mitglieder von Organisationen mit Gegenrecht<\/th><\/tr><\/thead><tbody><tr><td>Kleinkinder<\/td><td>&lt;8 Jahre<\/td><td>Fr. 30.-<\/td><\/tr><tr><td>Kinder<\/td><td>8 bis 14 Jahre (Kat. B)<\/td><td>Fr. 45.-<\/td><\/tr><tr><td>Jugendliche<\/td><td>15 bis 21 Jahre (Kat. B1)<\/td><td>Fr. 58.-<\/td><\/tr><tr><td>Erwachsene<\/td><td>&gt;22 Jahre (Kat. A)<\/td><td>Fr. 75.-<\/td><\/tr><\/tbody><\/table><\/figure>\n\n\n\n<figure class=\"wp-block-table\"><table><thead><tr><th colspan=\"3\">Nicht-Mitglieder<\/th><\/tr><\/thead><tbody><tr><td>Kleinkinder<\/td><td>&lt;8 Jahre<\/td><td>Fr. 30.-<\/td><\/tr><tr><td>Kinder<\/td><td>8 bis 14 Jahre (Kat. D)<\/td><td>Fr. 50.-<\/td><\/tr><tr><td>Jugendliche<\/td><td>15 bis 21 Jahre (Kat. D1)<\/td><td>Fr. 63.-<\/td><\/tr><tr><td>Erwachsene<\/td><td>&gt;22 Jahre (Kat. C)<\/td><td>Fr. 80.-<\/td><\/tr><\/tbody><\/table><\/figure>\n\n\n\n<figure class=\"wp-block-table\"><table><thead><tr><th colspan=\"3\">Familienrabatt unter der Woche<\/th><\/tr><\/thead><tbody><tr><td colspan=\"2\"><strong>Sonntag &#8211; Donnerstag<\/strong>&nbsp;Erm\u00e4ssigung pro Kind (&lt;15 J)<\/td><td>Fr. 5.-<\/td><\/tr><\/tbody><\/table><\/figure>\n\n\n\n<figure class=\"wp-block-table\"><table><thead><tr><th colspan=\"3\">Angebot f\u00fcr Schulklassen, Pfadi, J&amp;S Kurse (g\u00fcltig Sonntag &#8211; Donnerstag)<\/th><\/tr><\/thead><tbody><tr><td colspan=\"2\"><strong>Kinder<\/strong>&nbsp;8 bis 14 Jahre (Kat. B)<\/td><td>Fr. 35.-<\/td><\/tr><tr><td colspan=\"2\"><strong>Jugendliche<\/strong>&nbsp;15 bis 21 Jahre (Kat. B1)<\/td><td>Fr. 45.-<\/td><\/tr><\/tbody><\/table><\/figure>\n\n\n\n<figure class=\"wp-block-table\"><table><thead><tr><th colspan=\"3\">Extra<\/th><\/tr><\/thead><tbody><tr><td colspan=\"2\"><strong>Doppelbettzimmer<\/strong>&nbsp;Aufpreis pro Zimmer<\/td><td>Fr. 20.-<\/td><\/tr><tr><td colspan=\"2\">Marschtee (1 lt)<\/td><td>Fr. 5.-<\/td><\/tr><tr><td colspan=\"2\">Dusche (pro Person)<\/td><td>Fr. 5.-<\/td><\/tr><tr><td colspan=\"2\"><strong>Aus hygienischen Gr\u00fcnden ist die Benutzung eines H\u00fcttenschlafsacks obligatorisch.<\/strong>&nbsp;Einweg-H\u00fcttenschlafsack erh\u00e4ltlich f\u00fcr<\/td><td>Fr. 7.-<\/td><\/tr><\/tbody><\/table><\/figure>\n\n\n\n<p><\/p>\n\n\n\n<h3 class=\"wp-block-heading\">Bewartung<\/h3>\n\n\n\n<p>Sommebetrieb: vom End mai bis mitte Oktober durchgehend bewartet.<br>Im Winter ist der&nbsp;Winterraum offen&nbsp;mit Holzofen und Schlafr\u00e4ume, kein Wasser!<br>Bei Anfrage von Gruppen kann die H\u00fctte auch im Winter bewartet werden.<\/p>\n\n\n\n<div class=\"wp-block-stackable-spacer stk-block-spacer stk--no-padding stk-block stk-e17b679\" data-block-id=\"e17b679\"><style>.stk-e17b679{height:31px !important}<\/style><\/div>\n\n\n\n<h3 class=\"wp-block-heading\">Reservieren und absagen<\/h3>\n\n\n\n<p>Unter folgendem Link k\u00f6nnt ihr die Verf\u00fcgbarkeit freier Betten \u00fcberpr\u00fcfen und direkt online reservieren!<br><a href=\"https:\/\/www.hut-reservation.org\/\">www.hut-reservation.org<\/a><\/p>\n\n\n\n<p>Stornierungen ohne zus\u00e4tzliche Kosten m\u00fcssen bis 18.00 Uhr, <strong>zwei Tage vor dem reservierten Termin<\/strong>, eingehen (siehe <a href=\"https:\/\/staging.capannaadula.casticino.ch\/wp-content\/uploads\/2024\/06\/2020_AGB_SAC-Hutten_DE.pdf\">Allgemeine Gesch\u00e4ftsbedingungen<\/a> CAS 2020).<\/p>\n\n\n\n<div class=\"wp-block-stackable-spacer stk-block-spacer stk--no-padding stk-block stk-9109ef9\" data-block-id=\"9109ef9\"><style>.stk-9109ef9{height:31px !important}<\/style><\/div>\n\n\n\n<h3 class=\"wp-block-heading\">Informationen<\/h3>\n\n\n\n<p>Via E-mail an: <a href=\"mailto:adula@casticino.ch\">adula@casticino.ch<\/a><\/p>\n\n\n\n<p>Via Telefon von Ende Mai bis Mitte Oktober<\/p>\n\n\n\n<p>H\u00fcttentelefon: <a href=\"tel:+41918721532\"><strong>+41 91 872 15 32<\/strong><\/a><\/p>\n\n\n\n<p>Handy H\u00fcttenwart: <a href=\"http:\/\/+41 79 535 21 12\"><strong>+41 79 535 21 12<\/strong><\/a><\/p>\n\n\n\n<p>Wir reagieren nicht auf Reservierungen oder Anfragen \u00fcber <strong>soziale Medien<\/strong>. F\u00fcr Informationen rufen Sie uns bitte an!<\/p>\n\n\n\n<div class=\"wp-block-stackable-spacer stk-block-spacer stk--no-padding stk-block stk-9937efd\" data-block-id=\"9937efd\"><style>.stk-9937efd{height:32px !important}<\/style><\/div>\n\n\n\n<h3 class=\"wp-block-heading\">Bezahlung<\/h3>\n\n\n\n<p><strong>Achtung:<\/strong> Bezahlung nur mit\u00a0<strong>Bargeld, Twint<\/strong>, <strong>und Kreditkarte<\/strong>.<\/p>\n\n\n\n<p><\/p>\n\n\n\n<p> <\/p>\n\n\n\n<div class=\"wp-block-stackable-columns stk-block-columns stk-block stk-8a0c872\" data-block-id=\"8a0c872\"><style>.stk-8a0c872-column{--stk-columns-spacing:26px !important;--stk-column-gap:27px !important}<\/style><div class=\"stk-row stk-inner-blocks stk-block-content stk-content-align stk-8a0c872-column\">\n<div class=\"wp-block-stackable-column stk-block-column stk-column stk-block stk-d1ef188 stk-block-background\" data-v=\"4\" data-block-id=\"d1ef188\"><div class=\"stk-column-wrapper stk-block-column__content stk-container stk-d1ef188-container stk--no-background stk--no-padding\"><div class=\"stk-block-content stk-inner-blocks stk-d1ef188-inner-blocks\">\n<p>Richtlinien &#8211;&nbsp;<a href=\"https:\/\/staging.capannaadula.casticino.ch\/wp-content\/uploads\/2024\/04\/Disposizioni_per_gli_ospiti_1.pdf\" data-type=\"link\" data-id=\"https:\/\/staging.capannaadula.casticino.ch\/wp-content\/uploads\/2024\/04\/Disposizioni_per_gli_ospiti_1.pdf\" target=\"_blank\" rel=\"noreferrer noopener\">PDF herunterladen<\/a><\/p>\n<\/div><\/div><\/div>\n\n\n\n<div class=\"wp-block-stackable-column stk-block-column stk-column stk-block stk-c7020fe stk-block-background\" data-v=\"4\" data-block-id=\"c7020fe\"><div class=\"stk-column-wrapper stk-block-column__content stk-container stk-c7020fe-container stk--no-background stk--no-padding\"><div class=\"stk-block-content stk-inner-blocks stk-c7020fe-inner-blocks\">\n<p>AGB &#8211;&nbsp;<a href=\"https:\/\/staging.capannaadula.casticino.ch\/wp-content\/uploads\/2024\/04\/Condizioni-generali_i.pdf\" data-type=\"link\" data-id=\"https:\/\/staging.capannaadula.casticino.ch\/wp-content\/uploads\/2024\/04\/Condizioni-generali_i.pdf\" target=\"_blank\" rel=\"noreferrer noopener\">PDF herunterladen<\/a><\/p>\n<\/div><\/div><\/div>\n\n\n\n<div class=\"wp-block-stackable-column stk-block-column stk-column stk-block stk-6781fd7 stk-block-background\" data-v=\"4\" data-block-id=\"6781fd7\"><div class=\"stk-column-wrapper stk-block-column__content stk-container stk-6781fd7-container stk--no-background stk--no-padding\"><div class=\"stk-block-content stk-inner-blocks stk-6781fd7-inner-blocks\">\n<p>Winteraufenthalt &#8211; <a href=\"https:\/\/capannaadula.casticino.ch\/wp-content\/uploads\/2024\/06\/PAGAMENTO-NON-CUSTODITA_ADULA.pdf\">PDF Merkblatt<\/a><\/p>\n<\/div><\/div><\/div>\n<\/div><\/div>\n","protected":false},"excerpt":{"rendered":"<p>TARIFE Der Preis beinhaltet jeweils die \u00dcbernachtung, das 4-Gang Abendessen (Suppe, Salat, Hauptgang, Dessert) und ein Fr\u00fchst\u00fccksbuffet. Alle Preise verstehen sich inkl. Mwst. SAC-Mitglieder und Mitglieder von Organisationen mit Gegenrecht Kleinkinder &lt;8 Jahre Fr. 30.- Kinder 8 bis 14 Jahre (Kat. B) Fr. 45.- Jugendliche 15 bis 21 Jahre (Kat. B1) Fr. 58.- Erwachsene &gt;22 [&hellip;]<\/p>\n","protected":false},"author":2,"featured_media":0,"parent":0,"menu_order":0,"comment_status":"closed","ping_status":"closed","template":"","meta":{"footnotes":""},"class_list":["post-73","page","type-page","status-publish","hentry"],"_links":{"self":[{"href":"https:\/\/capannaadula.casticino.ch\/index.php?rest_route=\/wp\/v2\/pages\/73","targetHints":{"allow":["GET"]}}],"collection":[{"href":"https:\/\/capannaadula.casticino.ch\/index.php?rest_route=\/wp\/v2\/pages"}],"about":[{"href":"https:\/\/capannaadula.casticino.ch\/index.php?rest_route=\/wp\/v2\/types\/page"}],"author":[{"embeddable":true,"href":"https:\/\/capannaadula.casticino.ch\/index.php?rest_route=\/wp\/v2\/users\/2"}],"replies":[{"embeddable":true,"href":"https:\/\/capannaadula.casticino.ch\/index.php?rest_route=%2Fwp%2Fv2%2Fcomments&post=73"}],"version-history":[{"count":16,"href":"https:\/\/capannaadula.casticino.ch\/index.php?rest_route=\/wp\/v2\/pages\/73\/revisions"}],"predecessor-version":[{"id":549,"href":"https:\/\/capannaadula.casticino.ch\/index.php?rest_route=\/wp\/v2\/pages\/73\/revisions\/549"}],"wp:attachment":[{"href":"https:\/\/capannaadula.casticino.ch\/index.php?rest_route=%2Fwp%2Fv2%2Fmedia&parent=73"}],"curies":[{"name":"wp","href":"https:\/\/api.w.org\/{rel}","templated":true}]}}