{"id":71,"date":"2023-11-16T13:21:19","date_gmt":"2023-11-16T13:21:19","guid":{"rendered":"https:\/\/staging.capannaadula.casticino.ch\/?page_id=71"},"modified":"2026-03-26T16:02:16","modified_gmt":"2026-03-26T16:02:16","slug":"home-2","status":"publish","type":"page","link":"https:\/\/capannaadula.casticino.ch\/?page_id=71&lang=de","title":{"rendered":"HOME"},"content":{"rendered":"\n<div class=\"wp-block-stackable-feature-grid alignwide stk-block-feature-grid stk-block-columns stk-block stk-edc50dc is-style-default\" data-block-id=\"edc50dc\"><div class=\"stk-row stk-inner-blocks has-text-align-center stk-block-content stk-content-align stk-edc50dc-column alignwide\">\n<div class=\"wp-block-stackable-column stk-block-column stk-column stk-block stk-9524b7a\" data-v=\"4\" data-block-id=\"9524b7a\"><div class=\"stk-column-wrapper stk-block-column__content stk-container stk-9524b7a-container stk-hover-parent\"><div class=\"stk-block-content stk-inner-blocks stk-9524b7a-inner-blocks\">\n<div class=\"wp-block-stackable-image stk-block-image stk-block stk-92ff511\" data-block-id=\"92ff511\"><style>.stk-92ff511 .stk-img-wrapper{width:320px !important;}<\/style><figure><span class=\"stk-img-wrapper stk-image--shape-stretch\"><img loading=\"lazy\" decoding=\"async\" class=\"stk-img wp-image-619\" src=\"https:\/\/capannaadula.casticino.ch\/wp-content\/uploads\/2025\/04\/closed-sign-illustration-transparent-png.webp\" width=\"400\" height=\"200\" srcset=\"https:\/\/capannaadula.casticino.ch\/wp-content\/uploads\/2025\/04\/closed-sign-illustration-transparent-png.webp 400w, https:\/\/capannaadula.casticino.ch\/wp-content\/uploads\/2025\/04\/closed-sign-illustration-transparent-png-300x150.webp 300w\" sizes=\"auto, (max-width: 400px) 100vw, 400px\" \/><\/span><\/figure><\/div>\n\n\n\n<blockquote class=\"wp-block-stackable-blockquote stk-block-blockquote stk-block stk-21a039d is-style-default\" data-v=\"2\" data-block-id=\"21a039d\"><div class=\"has-text-align-left stk-block-blockquote__content stk-container stk-21a039d-container stk-hover-parent\"><div class=\"stk-block-content stk-inner-blocks\">\n<div class=\"wp-block-stackable-icon stk-block-icon stk-block stk-a78ad1c\" data-block-id=\"a78ad1c\"><span class=\"stk--svg-wrapper\"><div class=\"stk--inner-svg\"><svg style=\"height:0;width:0\"><defs><linearGradient id=\"linear-gradient-a78ad1c\" x1=\"0\" x2=\"100%\" y1=\"0\" y2=\"0\"><stop offset=\"0%\" style=\"stop-opacity:1;stop-color:var(--linear-gradient-a-78-ad-1-c-color-1)\"><\/stop><stop offset=\"100%\" style=\"stop-opacity:1;stop-color:var(--linear-gradient-a-78-ad-1-c-color-2)\"><\/stop><\/linearGradient><\/defs><\/svg><svg xmlns=\"http:\/\/www.w3.org\/2000\/svg\" viewBox=\"0 0 50 50\" aria-hidden=\"true\" width=\"32\" height=\"32\"><path d=\"M19.8 9.3C10.5 11.8 4.6 17 2.1 24.8c2.3-3.6 5.6-5.4 9.9-5.4 3.3 0 6 1.1 8.3 3.3 2.2 2.2 3.4 5 3.4 8.3 0 3.2-1.1 5.8-3.3 8-2.2 2.2-5.1 3.2-8.7 3.2-3.7 0-6.5-1.2-8.6-3.5C1 36.3 0 33.1 0 29 0 18.3 6.5 11.2 19.6 7.9l.2 1.4zm26.4 0C36.9 11.9 31 17 28.5 24.8c2.2-3.6 5.5-5.4 9.8-5.4 3.2 0 6 1.1 8.3 3.2 2.3 2.2 3.4 4.9 3.4 8.3 0 3.1-1.1 5.8-3.3 7.9-2.2 2.2-5.1 3.3-8.6 3.3-3.7 0-6.6-1.1-8.6-3.4-2.1-2.3-3.1-5.5-3.1-9.7 0-10.7 6.6-17.8 19.7-21.1l.1 1.4z\"><\/path><\/svg><\/div><\/span><\/div>\n\n\n\n<div class=\"wp-block-stackable-text stk-block-text stk-block stk-6bc86f9\" data-block-id=\"6bc86f9\"><p class=\"stk-block-text__text\"><span style=\"color: #cf2e2e;\" class=\"stk-highlight\"><strong>Saison<\/strong> <strong>2026<\/strong><\/span><br><br>Liebe G\u00e4ste, die Saison 2026 steht vor der T\u00fcr\u2026 wir arbeiten mit Hochdruck daran, Sie bestm\u00f6glich zu begr\u00fc\u00dfen. Die offizielle Er\u00f6ffnung findet am Samstag, den 30. Mai 2026, statt. <br>Wir freuen uns darauf, unvergessliche Momente mit Ihnen zu teilen. <br>Bis bald in luftiger H\u00f6he! <br>Lele, Miri und das wunderbare Team26<\/p><\/div>\n<\/div><\/div><\/blockquote>\n<\/div><\/div><\/div>\n<\/div><\/div>\n\n\n\n<div style=\"height:31px\" aria-hidden=\"true\" class=\"wp-block-spacer\"><\/div>\n\n\n\n<div class=\"wp-block-columns is-layout-flex wp-container-core-columns-is-layout-9d6595d7 wp-block-columns-is-layout-flex\">\n<div class=\"wp-block-column is-layout-flow wp-block-column-is-layout-flow\" style=\"flex-basis:50%\">\n<p>Willkommen!<\/p>\n\n\n\n<p>Die Adulah\u00fctte des Schweizer Alpen-Clubs (SAC), seit jeher \u201edie BASSA\u201c genannt, besitzt den ganzen Charme einer klassischen, alten Bergh\u00fctte. Das Geb\u00e4ude ist aus Stein gebaut, und der Aufenthaltsraum erz\u00e4hlt Geschichten aus vergangenen Zeiten. Tausende von Alpinisten haben im Laufe der Jahre in den Schlafs\u00e4len \u00fcbernachtet. Herzlichkeit und lokale K\u00fcche n\u00e4hren sowohl den Magen als auch die Seele. Von ihrem herrlichen Balkon, der das Bleniotal \u00fcberragt, genie\u00dft man eine wunderbare Aussicht auf die umliegenden Berge.<br>Von der H\u00fctte aus kann man das Rheinwaldhorn (Adula) besteigen, aber es sind auch Wanderungen zu anderen H\u00fctten m\u00f6glich. Die steilen H\u00e4nge des Val Carassina lassen sich auf wilden und anspruchsvollen Bergpfaden erklimmen.<\/p>\n\n\n\n<p><br>Entt\u00e4uscht wird niemand \u2013 anspruchsvolle wie auch gem\u00fctlichere Bergwanderer k\u00f6nnen sich gleicherma\u00dfen erfreuen und entspannen: bei einem Spaziergang durchs Tal, einem guten Mittagessen oder einem erholsamen Nachmittagsschl\u00e4fchen an der Sonne!&#8221;<\/p>\n\n\n\n<p><\/p>\n<\/div>\n\n\n\n<div class=\"wp-block-column is-layout-flow wp-block-column-is-layout-flow\" style=\"flex-basis:50%\">\n<div class=\"efbl_feed_wraper efbl_skin_119\" >\n\n\t\n\t<div class=\"efbl_feeds_holder efbl_feeds_halfwidth  \t\"  \t\t\tdata-template=\"halfwidth\">\n\t\t\n<div class=\"efbl-halfwidth-skin added_photos efbl-story-wrapper\">\n\t<div class=\"efbl-thumbnail-wrapper\">\n\t\t<div class=\"efbl-row efbl-content-wrapper\">\n\n\t\t\t\n\n\t\t\t\t<div class=\"efbl-thumbnail-col efbl-col-sm-6\">\n\n\t\t\t\t\t\n\t\t\t\t\t\t<a href=\"https:\/\/capannaadula.casticino.ch\/wp-admin\/admin-ajax.php?action=efbl_generate_popup_html\" data-imagelink=https:\/\/capannaadula.casticino.ch\/wp-content\/uploads\/esf-facebook\/416264415088616_1079664353625300.jpg\t\t\t\t\t\t\tdata-storylink=\"https:\/\/www.facebook.com\/416264415088616_1079664353625300\"\n\t\t\t\t\t\t\tdata-linktext=\"Read full story\"\n\t\t\t\t\t\t\tdata-caption=\"\"\n\t\t\t\t\t\t\tdata-itemnumber=\"1\"\n\t\t\t\t\t\t\tclass=\"efbl_feed_popup  efbl-cff-item_number-1\">\n\t\t\t\t\t\t\t<img decoding=\"async\" src=\"https:\/\/capannaadula.casticino.ch\/wp-content\/uploads\/esf-facebook\/416264415088616_1079664353625300.jpg\"\n\t\t\t\t\t\t\t\tclass=\"img-responsive \"\n\t\t\t\t\t\t\t\t\t\t\t\t\t\t\t\talt=\"Capanna Adula CAS\"\/>\n\t\t\t\t\t\t\t<div class=\"efbl-overlay\">\n\n\n\t\t\t\t\t\t\t\t\n\t\t\t\t\t\t\t\t\t<i class=\"icon icon-esf-plus efbl-plus\"\n\t\t\t\t\t\t\t\t\t\taria-hidden=\"true\"><\/i>\n\n\t\t\t\t\t\t\t\t\t\t\t\t\t\t\t\t\t\t\t\t\t\t\t<\/div>\n\t\t\t\t\t\t<\/a>\n\n\t\t\t\t\t\n\n\t\t\t\t<\/div>\n\n\t\t\t\t<div class=\"efbl-feed-content efbl-col-sm-6 \">\n\n\t\t\t\t\t\n\t\t\t\t\t\t<div class=\"efbl-d-flex\">\n\n\t\t\t\t\t\t\t\n\t\t\t\t\t\t\t\t<div class=\"efbl-profile-image\">\n\t\t\t\t\t\t\t\t\t<a href=\"https:\/\/facebook.com\/416264415088616\"\n\t\t\t\t\t\t\t\t\t\ttitle=\"\"\n\t\t\t\t\t\t\t\t\t\trel=\"nofollow\"\n\t\t\t\t\t\t\t\t\t\ttarget=\"_blank\">\n\t\t\t\t\t\t\t\t\t\t<img alt=\"\"\n\t\t\t\t\t\t\t\t\t\t\tsrc=\"https:\/\/scontent.flug2-1.fna.fbcdn.net\/v\/t39.30808-1\/469165085_1641734780054382_9183499948235432655_n.jpg?stp=c0.348.1536.1536a_dst-jpg_s200x200_tt6&#038;_nc_cat=102&#038;ccb=1-7&#038;_nc_sid=f907e8&#038;_nc_ohc=gCAPIKa_30kQ7kNvwHFERbK&#038;_nc_oc=Adoh-KLP5SwAMkAICbM_EmuW638kUF28f1tDRJoJ29N53_NMht21C2jl3d09TAoP1XU&#038;_nc_zt=24&#038;_nc_ht=scontent.flug2-1.fna&#038;edm=AOf6bZoEAAAA&#038;_nc_gid=PmU1CtaM927uF-rICGuhLA&#038;_nc_tpa=Q5bMBQFdwrIW1P7k3ob9F_0t2QMiBw5mumAUwtKEnSFb9gYykOEfQal83gQXP4CgNX2_Ypa5vqzGnpMC&#038;oh=00_Af368yOE3h0kej9vpdujmumJ8xkirt8-35ebBU44TkDKkQ&#038;oe=69F97E0F\"\/><\/a>\n\t\t\t\t\t\t\t\t<\/div>\n\n\t\t\t\t\t\t\t\n\t\t\t\t\t\t\t<div class=\"efbl-profile-title\">\n\t\t\t\t\t\t\t\t<div class=\"efbl-profile-title-wrap \">\n\t\t\t\t\t\t\t\t\t<h2>Capanna Adula CAS\t\t\t\t\t\t\t\t\t\t\t\t\t\t\t\t\t\t\t\t<span class=\"efbl-profile-story-text\"> ha aggiornato la sua immagine di copertina. <\/span>\n\t\t\t\t\t\t\t\t\t<\/h2>\n\t\t\t\t\t\t\t\t<\/div>\n\t\t\t\t\t\t\t\t<span>1 year 4 months ago<\/span>\n\t\t\t\t\t\t\t<\/div>\n\t\t\t\t\t\t<\/div>\n\n\t\t\t\t\t\n\n\t\t\t\t\t\n\n\t\t\t\t\t\n\t\t\t\t\t\n\t\t\t\t<\/div>\n\t\t\t\t\t\t<\/div>\n\n\t\t\t<div class=\"efbl-post-footer\">\n\n\n\t\t<div class=\"efbl-d-flex efbl-justify-content-between\">\n\t\t\t\t\t\t\t<div class=\"efbl-reacted efbl-d-flex efbl-align-items-center\">\n\n\t\t\t\t\t\n\t\t\t\t\t\t\n\t\t\t\t\t\t\t<div class=\"efbl-reacted-item emotis \" >\n\n\t\t\t\t\t\t\t\t\t\t\t\t\t\t\t\t\t<i class=\"icon icon-esf-thumbs-o-up\"><\/i>\n\t\t\t\t\t\t\t\t\n\t\t\t\t\t\t\t\t\t\t\t\t\t\t\t\t15\t\t\t\t\t\t\t<\/div>\n\t\t\t\t\t\t\t\n\n\n\t\t\t\t\t\n\t\t\t\t\t\t\t\n\n\t\t\t\t<\/div>\n\t\t\t\n\n\n\t\t\t<div class=\"efbl-view-share efbl-d-flex efbl-justify-content-between efbl-align-items-center efbl-mb-1 efbl-mt-1\">\n\n\t\t\t\t\n\t\t\t\t\t<a href=\"https:\/\/www.facebook.com\/416264415088616_1079664353625300\"\n\t\t\t\t\t   target=\"_blank\"\n\t\t\t\t\t   rel=\"nofollow\"\n\t\t\t\t\t   class=\"efbl-view-on-fb no-anchor-style link efbl-mr-1\">View on Facebook<\/a>\n\n\t\t\t\t\n\t\t\t\t\n\t\t\t\t\t<div class=\"esf-share-wrapper\">\n\t\t\t\t\t\t<a href=\"#\" class=\"no-anchor-style link esf-share\">Share<\/a>\n\t\t\t\t\t\t<div class=\"esf-social-share\">\n\t\t\t\t\t\t\t<button>\n\t\t\t\t\t\t\t\t<a class=\"efbl_facebook\"\n\t\t\t\t\t\t\t\t   href=\"https:\/\/www.facebook.com\/sharer\/sharer.php?u=https:\/\/www.facebook.com\/416264415088616_1079664353625300\"\n\t\t\t\t\t\t\t\t   rel=\"nofollow\"\n\t\t\t\t\t\t\t\t   target=\"_blank\">\n\t\t\t\t\t\t\t\t\t<i class=\"icon icon-esf-facebook\"><\/i>\n\t\t\t\t\t\t\t\t<\/a>\n\t\t\t\t\t\t\t<\/button>\n\n\t\t\t\t\t\t\t<button>\n\t\t\t\t\t\t\t\t<a class=\"efbl_twitter\"\n\t\t\t\t\t\t\t\t   href=\"https:\/\/twitter.com\/intent\/tweet?text=https:\/\/www.facebook.com\/416264415088616_1079664353625300\"\n\t\t\t\t\t\t\t\t   rel=\"nofollow\"\n\t\t\t\t\t\t\t\t   target=\"_blank\">\n\t\t\t\t\t\t\t\t\t<i class=\"icon icon-esf-twitter\"><\/i>\n\t\t\t\t\t\t\t\t<\/a>\n\t\t\t\t\t\t\t<\/button>\n\n\t\t\t\t\t\t\t<button>\n\t\t\t\t\t\t\t\t<a class=\"efbl_linked_in\"\n\t\t\t\t\t\t\t\t   href=\"https:\/\/www.linkedin.com\/shareArticle?mini=true&url=https:\/\/www.facebook.com\/416264415088616_1079664353625300\"\n\t\t\t\t\t\t\t\t   rel=\"nofollow\"\n\t\t\t\t\t\t\t\t   target=\"_blank\">\n\t\t\t\t\t\t\t\t\t<i class=\"icon icon-esf-linkedin\"><\/i>\n\t\t\t\t\t\t\t\t<\/a>\n\t\t\t\t\t\t\t<\/button>\n\t\t\t\t\t\t<\/div>\n\t\t\t\t\t<\/div>\n\t\t\t\t\n\t\t\t<\/div>\n\n\t\t<\/div>\n\n\n\t<\/div>\n\n\n\t<\/div>\n\n<\/div>\n\n\n<div class=\"efbl-halfwidth-skin added_photos efbl-story-wrapper\">\n\t<div class=\"efbl-thumbnail-wrapper\">\n\t\t<div class=\"efbl-row efbl-content-wrapper\">\n\n\t\t\t\n\n\t\t\t\t<div class=\"efbl-thumbnail-col efbl-col-sm-6\">\n\n\t\t\t\t\t\n\t\t\t\t\t\t<a href=\"https:\/\/capannaadula.casticino.ch\/wp-admin\/admin-ajax.php?action=efbl_generate_popup_html\" data-imagelink=https:\/\/capannaadula.casticino.ch\/wp-content\/uploads\/esf-facebook\/416264415088616_1641734773387716.jpg\t\t\t\t\t\t\tdata-storylink=\"https:\/\/www.facebook.com\/416264415088616_1641734773387716\"\n\t\t\t\t\t\t\tdata-linktext=\"Read full story\"\n\t\t\t\t\t\t\tdata-caption=\"\"\n\t\t\t\t\t\t\tdata-itemnumber=\"2\"\n\t\t\t\t\t\t\tclass=\"efbl_feed_popup  efbl-cff-item_number-2\">\n\t\t\t\t\t\t\t<img decoding=\"async\" src=\"https:\/\/capannaadula.casticino.ch\/wp-content\/uploads\/esf-facebook\/416264415088616_1641734773387716.jpg\"\n\t\t\t\t\t\t\t\tclass=\"img-responsive \"\n\t\t\t\t\t\t\t\t\t\t\t\t\t\t\t\talt=\"Capanna Adula CAS\"\/>\n\t\t\t\t\t\t\t<div class=\"efbl-overlay\">\n\n\n\t\t\t\t\t\t\t\t\n\t\t\t\t\t\t\t\t\t<i class=\"icon icon-esf-plus efbl-plus\"\n\t\t\t\t\t\t\t\t\t\taria-hidden=\"true\"><\/i>\n\n\t\t\t\t\t\t\t\t\t\t\t\t\t\t\t\t\t\t\t\t\t\t\t<\/div>\n\t\t\t\t\t\t<\/a>\n\n\t\t\t\t\t\n\n\t\t\t\t<\/div>\n\n\t\t\t\t<div class=\"efbl-feed-content efbl-col-sm-6 \">\n\n\t\t\t\t\t\n\t\t\t\t\t\t<div class=\"efbl-d-flex\">\n\n\t\t\t\t\t\t\t\n\t\t\t\t\t\t\t\t<div class=\"efbl-profile-image\">\n\t\t\t\t\t\t\t\t\t<a href=\"https:\/\/facebook.com\/416264415088616\"\n\t\t\t\t\t\t\t\t\t\ttitle=\"\"\n\t\t\t\t\t\t\t\t\t\trel=\"nofollow\"\n\t\t\t\t\t\t\t\t\t\ttarget=\"_blank\">\n\t\t\t\t\t\t\t\t\t\t<img alt=\"\"\n\t\t\t\t\t\t\t\t\t\t\tsrc=\"https:\/\/scontent.flug2-1.fna.fbcdn.net\/v\/t39.30808-1\/469165085_1641734780054382_9183499948235432655_n.jpg?stp=c0.348.1536.1536a_dst-jpg_s200x200_tt6&#038;_nc_cat=102&#038;ccb=1-7&#038;_nc_sid=f907e8&#038;_nc_ohc=gCAPIKa_30kQ7kNvwHFERbK&#038;_nc_oc=Adoh-KLP5SwAMkAICbM_EmuW638kUF28f1tDRJoJ29N53_NMht21C2jl3d09TAoP1XU&#038;_nc_zt=24&#038;_nc_ht=scontent.flug2-1.fna&#038;edm=AOf6bZoEAAAA&#038;_nc_gid=PmU1CtaM927uF-rICGuhLA&#038;_nc_tpa=Q5bMBQFdwrIW1P7k3ob9F_0t2QMiBw5mumAUwtKEnSFb9gYykOEfQal83gQXP4CgNX2_Ypa5vqzGnpMC&#038;oh=00_Af368yOE3h0kej9vpdujmumJ8xkirt8-35ebBU44TkDKkQ&#038;oe=69F97E0F\"\/><\/a>\n\t\t\t\t\t\t\t\t<\/div>\n\n\t\t\t\t\t\t\t\n\t\t\t\t\t\t\t<div class=\"efbl-profile-title\">\n\t\t\t\t\t\t\t\t<div class=\"efbl-profile-title-wrap \">\n\t\t\t\t\t\t\t\t\t<h2>Capanna Adula CAS\t\t\t\t\t\t\t\t\t\t\t\t\t\t\t\t\t\t\t\t<span class=\"efbl-profile-story-text\"> ha aggiornato la sua immagine del profilo. <\/span>\n\t\t\t\t\t\t\t\t\t<\/h2>\n\t\t\t\t\t\t\t\t<\/div>\n\t\t\t\t\t\t\t\t<span>1 year 4 months ago<\/span>\n\t\t\t\t\t\t\t<\/div>\n\t\t\t\t\t\t<\/div>\n\n\t\t\t\t\t\n\n\t\t\t\t\t\n\n\t\t\t\t\t\n\t\t\t\t\t\n\t\t\t\t<\/div>\n\t\t\t\t\t\t<\/div>\n\n\t\t\t<div class=\"efbl-post-footer\">\n\n\n\t\t<div class=\"efbl-d-flex efbl-justify-content-between\">\n\t\t\t\t\t\t\t<div class=\"efbl-reacted efbl-d-flex efbl-align-items-center\">\n\n\t\t\t\t\t\n\t\t\t\t\t\t\n\t\t\t\t\t\t\t<div class=\"efbl-reacted-item emotis \" >\n\n\t\t\t\t\t\t\t\t\t\t\t\t\t\t\t\t\t<i class=\"icon icon-esf-thumbs-o-up\"><\/i>\n\t\t\t\t\t\t\t\t\n\t\t\t\t\t\t\t\t\t\t\t\t\t\t\t\t22\t\t\t\t\t\t\t<\/div>\n\t\t\t\t\t\t\t\n\n\n\t\t\t\t\t\n\t\t\t\t\t\t\t\n\n\t\t\t\t<\/div>\n\t\t\t\n\n\n\t\t\t<div class=\"efbl-view-share efbl-d-flex efbl-justify-content-between efbl-align-items-center efbl-mb-1 efbl-mt-1\">\n\n\t\t\t\t\n\t\t\t\t\t<a href=\"https:\/\/www.facebook.com\/416264415088616_1641734773387716\"\n\t\t\t\t\t   target=\"_blank\"\n\t\t\t\t\t   rel=\"nofollow\"\n\t\t\t\t\t   class=\"efbl-view-on-fb no-anchor-style link efbl-mr-1\">View on Facebook<\/a>\n\n\t\t\t\t\n\t\t\t\t\n\t\t\t\t\t<div class=\"esf-share-wrapper\">\n\t\t\t\t\t\t<a href=\"#\" class=\"no-anchor-style link esf-share\">Share<\/a>\n\t\t\t\t\t\t<div class=\"esf-social-share\">\n\t\t\t\t\t\t\t<button>\n\t\t\t\t\t\t\t\t<a class=\"efbl_facebook\"\n\t\t\t\t\t\t\t\t   href=\"https:\/\/www.facebook.com\/sharer\/sharer.php?u=https:\/\/www.facebook.com\/416264415088616_1641734773387716\"\n\t\t\t\t\t\t\t\t   rel=\"nofollow\"\n\t\t\t\t\t\t\t\t   target=\"_blank\">\n\t\t\t\t\t\t\t\t\t<i class=\"icon icon-esf-facebook\"><\/i>\n\t\t\t\t\t\t\t\t<\/a>\n\t\t\t\t\t\t\t<\/button>\n\n\t\t\t\t\t\t\t<button>\n\t\t\t\t\t\t\t\t<a class=\"efbl_twitter\"\n\t\t\t\t\t\t\t\t   href=\"https:\/\/twitter.com\/intent\/tweet?text=https:\/\/www.facebook.com\/416264415088616_1641734773387716\"\n\t\t\t\t\t\t\t\t   rel=\"nofollow\"\n\t\t\t\t\t\t\t\t   target=\"_blank\">\n\t\t\t\t\t\t\t\t\t<i class=\"icon icon-esf-twitter\"><\/i>\n\t\t\t\t\t\t\t\t<\/a>\n\t\t\t\t\t\t\t<\/button>\n\n\t\t\t\t\t\t\t<button>\n\t\t\t\t\t\t\t\t<a class=\"efbl_linked_in\"\n\t\t\t\t\t\t\t\t   href=\"https:\/\/www.linkedin.com\/shareArticle?mini=true&url=https:\/\/www.facebook.com\/416264415088616_1641734773387716\"\n\t\t\t\t\t\t\t\t   rel=\"nofollow\"\n\t\t\t\t\t\t\t\t   target=\"_blank\">\n\t\t\t\t\t\t\t\t\t<i class=\"icon icon-esf-linkedin\"><\/i>\n\t\t\t\t\t\t\t\t<\/a>\n\t\t\t\t\t\t\t<\/button>\n\t\t\t\t\t\t<\/div>\n\t\t\t\t\t<\/div>\n\t\t\t\t\n\t\t\t<\/div>\n\n\t\t<\/div>\n\n\n\t<\/div>\n\n\n\t<\/div>\n\n<\/div>\n\n\t\t\t<\/div>\n\t\t\t\n\t\t<\/div>\n\n<\/div>\n<\/div>\n","protected":false},"excerpt":{"rendered":"<p>Saison 2026 Liebe G\u00e4ste, die Saison 2026 steht vor der T\u00fcr\u2026 wir arbeiten mit Hochdruck daran, Sie bestm\u00f6glich zu begr\u00fc\u00dfen. Die offizielle Er\u00f6ffnung findet am Samstag, den 30. Mai 2026, statt. Wir freuen uns darauf, unvergessliche Momente mit Ihnen zu teilen. Bis bald in luftiger H\u00f6he! Lele, Miri und das wunderbare Team26 Willkommen! Die Adulah\u00fctte [&hellip;]<\/p>\n","protected":false},"author":2,"featured_media":0,"parent":0,"menu_order":0,"comment_status":"closed","ping_status":"closed","template":"","meta":{"footnotes":""},"class_list":["post-71","page","type-page","status-publish","hentry"],"_links":{"self":[{"href":"https:\/\/capannaadula.casticino.ch\/index.php?rest_route=\/wp\/v2\/pages\/71","targetHints":{"allow":["GET"]}}],"collection":[{"href":"https:\/\/capannaadula.casticino.ch\/index.php?rest_route=\/wp\/v2\/pages"}],"about":[{"href":"https:\/\/capannaadula.casticino.ch\/index.php?rest_route=\/wp\/v2\/types\/page"}],"author":[{"embeddable":true,"href":"https:\/\/capannaadula.casticino.ch\/index.php?rest_route=\/wp\/v2\/users\/2"}],"replies":[{"embeddable":true,"href":"https:\/\/capannaadula.casticino.ch\/index.php?rest_route=%2Fwp%2Fv2%2Fcomments&post=71"}],"version-history":[{"count":20,"href":"https:\/\/capannaadula.casticino.ch\/index.php?rest_route=\/wp\/v2\/pages\/71\/revisions"}],"predecessor-version":[{"id":674,"href":"https:\/\/capannaadula.casticino.ch\/index.php?rest_route=\/wp\/v2\/pages\/71\/revisions\/674"}],"wp:attachment":[{"href":"https:\/\/capannaadula.casticino.ch\/index.php?rest_route=%2Fwp%2Fv2%2Fmedia&parent=71"}],"curies":[{"name":"wp","href":"https:\/\/api.w.org\/{rel}","templated":true}]}}