{"id":330,"date":"2024-05-03T11:26:19","date_gmt":"2024-05-03T11:26:19","guid":{"rendered":"https:\/\/staging.capannaadula.casticino.ch\/?page_id=330"},"modified":"2024-05-03T11:26:20","modified_gmt":"2024-05-03T11:26:20","slug":"gallery-2","status":"publish","type":"page","link":"https:\/\/capannaadula.casticino.ch\/?page_id=330&lang=de","title":{"rendered":"GALLERY"},"content":{"rendered":"\n<div class=\"wp-block-stackable-tabs alignfull stk-block-tabs stk-block stk-44a8ffc stk-block-background\" data-initial-tab=\"1\" data-block-id=\"44a8ffc\"><style>.stk-44a8ffc{background-color:#f3f3f3 !important;--tabs-gap:39px !important}.stk-44a8ffc:before{background-color:#f3f3f3 !important}.stk-44a8ffc .stk-block-tab-content .stk-block-content .stk-block-column[hidden]{display:none !important}<\/style><div class=\"stk-row stk-inner-blocks stk-block-content stk-block-tabs--vertical stk-block-tabs--fade stk-content-align stk-44a8ffc-column alignfull\">\n<div class=\"wp-block-stackable-tab-labels stk-block-tab-labels stk-block stk-0f7c3c2\" data-block-id=\"0f7c3c2\"><style>.stk-0f7c3c2{box-shadow:inset 0px -1px 0px 0px #0000001a !important}.stk-0f7c3c2 .stk-block-tab-labels__text{color:#999999 !important}.stk-0f7c3c2 .stk-block-tabs__tab{color:#999999 !important;background:transparent !important;border-style:solid !important;border-color:transparent !important;border-top-width:0px !important;border-right-width:0px !important;border-bottom-width:2px !important;border-left-width:0px !important}.stk-0f7c3c2 .stk-block-tabs__tab.stk-block-tabs__tab--active .stk-block-tab-labels__text{color:#000000 !important}.stk-0f7c3c2 .stk-block-tabs__tab .stk--inner-svg svg:last-child,.stk-0f7c3c2 .stk-block-tabs__tab .stk--inner-svg svg:last-child :is(g,path,rect,polygon,ellipse){fill:#909090 !important}.stk-0f7c3c2 .stk-block-tabs__tab:not(.stk-block-tabs__tab--active):hover .stk--inner-svg svg:last-child,.stk-0f7c3c2 .stk-block-tabs__tab:not(.stk-block-tabs__tab--active):hover .stk--inner-svg svg:last-child :is(g,path,rect,polygon,ellipse){fill:#909090 !important}.stk-0f7c3c2 .stk-block-tabs__tab.stk-block-tabs__tab--active{border-color:#000000 !important}.stk-0f7c3c2 .stk-block-tabs__tab.stk-block-tabs__tab--active .stk--inner-svg svg:last-child,.stk-0f7c3c2 .stk-block-tabs__tab.stk-block-tabs__tab--active .stk--inner-svg svg:last-child :is(g,path,rect,polygon,ellipse){fill:#000000 !important}.stk-0f7c3c2 .stk-block-tabs__tab.stk-block-tabs__tab--active:hover .stk--inner-svg svg:last-child,.stk-0f7c3c2 .stk-block-tabs__tab.stk-block-tabs__tab--active:hover .stk--inner-svg svg:last-child :is(g,path,rect,polygon,ellipse){fill:#000000 !important}<\/style><div class=\"stk-block-tab-labels__wrapper\" role=\"tablist\"><button class=\"stk-block-tabs__tab\" role=\"tab\"><div class=\"stk-block-tab-labels__text\"><span>Innere\/\u00e4u\u00dfere H\u00fctte<\/span><\/div><\/button><button class=\"stk-block-tabs__tab\" role=\"tab\"><div class=\"stk-block-tab-labels__text\"><span>Speisen und Getr\u00e4nke<\/span><\/div><\/button><button class=\"stk-block-tabs__tab\" role=\"tab\"><div class=\"stk-block-tab-labels__text\"><span>Umgebung<\/span><\/div><\/button><\/div><\/div>\n\n\n\n<div class=\"wp-block-stackable-tab-content stk-block-tab-content stk-block stk-dce6bbf\" data-block-id=\"dce6bbf\"><div class=\"stk-row stk-inner-blocks stk-block-content stk-content-align stk-dce6bbf-column\">\n<div class=\"wp-block-stackable-column stk-block-column stk-column stk-block stk-ab53723\" data-v=\"4\" role=\"tabpanel\" data-block-id=\"ab53723\"><div class=\"stk-column-wrapper stk-block-column__content stk-container stk-ab53723-container stk--no-background stk--no-padding\"><div class=\"stk-block-content stk-inner-blocks stk-ab53723-inner-blocks\">\n<figure class=\"wp-block-gallery has-nested-images columns-3 is-cropped wp-block-gallery-1 is-layout-flex wp-block-gallery-is-layout-flex\">\n<figure class=\"wp-block-image size-large\"><img loading=\"lazy\" decoding=\"async\" width=\"1024\" height=\"680\" data-id=\"315\" src=\"https:\/\/staging.capannaadula.casticino.ch\/wp-content\/uploads\/2024\/04\/Capanna_Adula_CAS4-1-1024x680.jpg\" alt=\"\" class=\"wp-image-315\" srcset=\"https:\/\/capannaadula.casticino.ch\/wp-content\/uploads\/2024\/04\/Capanna_Adula_CAS4-1-1024x680.jpg 1024w, https:\/\/capannaadula.casticino.ch\/wp-content\/uploads\/2024\/04\/Capanna_Adula_CAS4-1-300x199.jpg 300w, https:\/\/capannaadula.casticino.ch\/wp-content\/uploads\/2024\/04\/Capanna_Adula_CAS4-1-768x510.jpg 768w, https:\/\/capannaadula.casticino.ch\/wp-content\/uploads\/2024\/04\/Capanna_Adula_CAS4-1.jpg 1280w\" sizes=\"auto, (max-width: 1024px) 100vw, 1024px\" \/><\/figure>\n\n\n\n<figure class=\"wp-block-image size-large\"><img loading=\"lazy\" decoding=\"async\" width=\"1024\" height=\"683\" data-id=\"316\" src=\"https:\/\/staging.capannaadula.casticino.ch\/wp-content\/uploads\/2024\/04\/carassina-9-of-17-1024x683.jpg\" alt=\"\" class=\"wp-image-316\" srcset=\"https:\/\/capannaadula.casticino.ch\/wp-content\/uploads\/2024\/04\/carassina-9-of-17-1024x683.jpg 1024w, https:\/\/capannaadula.casticino.ch\/wp-content\/uploads\/2024\/04\/carassina-9-of-17-300x200.jpg 300w, https:\/\/capannaadula.casticino.ch\/wp-content\/uploads\/2024\/04\/carassina-9-of-17-768x512.jpg 768w, https:\/\/capannaadula.casticino.ch\/wp-content\/uploads\/2024\/04\/carassina-9-of-17-1536x1024.jpg 1536w, https:\/\/capannaadula.casticino.ch\/wp-content\/uploads\/2024\/04\/carassina-9-of-17-2048x1365.jpg 2048w\" sizes=\"auto, (max-width: 1024px) 100vw, 1024px\" \/><\/figure>\n\n\n\n<figure class=\"wp-block-image size-large\"><img loading=\"lazy\" decoding=\"async\" width=\"922\" height=\"1024\" data-id=\"318\" src=\"https:\/\/staging.capannaadula.casticino.ch\/wp-content\/uploads\/2024\/04\/IMG_9871-922x1024.jpg\" alt=\"\" class=\"wp-image-318\" srcset=\"https:\/\/capannaadula.casticino.ch\/wp-content\/uploads\/2024\/04\/IMG_9871-922x1024.jpg 922w, https:\/\/capannaadula.casticino.ch\/wp-content\/uploads\/2024\/04\/IMG_9871-270x300.jpg 270w, https:\/\/capannaadula.casticino.ch\/wp-content\/uploads\/2024\/04\/IMG_9871-768x853.jpg 768w, https:\/\/capannaadula.casticino.ch\/wp-content\/uploads\/2024\/04\/IMG_9871-1382x1536.jpg 1382w, https:\/\/capannaadula.casticino.ch\/wp-content\/uploads\/2024\/04\/IMG_9871-1843x2048.jpg 1843w\" sizes=\"auto, (max-width: 922px) 100vw, 922px\" \/><\/figure>\n\n\n\n<figure class=\"wp-block-image size-large\"><img loading=\"lazy\" decoding=\"async\" width=\"1024\" height=\"683\" data-id=\"317\" src=\"https:\/\/staging.capannaadula.casticino.ch\/wp-content\/uploads\/2024\/04\/IMG_9872-1024x683.jpg\" alt=\"\" class=\"wp-image-317\" srcset=\"https:\/\/capannaadula.casticino.ch\/wp-content\/uploads\/2024\/04\/IMG_9872-1024x683.jpg 1024w, https:\/\/capannaadula.casticino.ch\/wp-content\/uploads\/2024\/04\/IMG_9872-300x200.jpg 300w, https:\/\/capannaadula.casticino.ch\/wp-content\/uploads\/2024\/04\/IMG_9872-768x512.jpg 768w, https:\/\/capannaadula.casticino.ch\/wp-content\/uploads\/2024\/04\/IMG_9872-1536x1024.jpg 1536w, https:\/\/capannaadula.casticino.ch\/wp-content\/uploads\/2024\/04\/IMG_9872-2048x1366.jpg 2048w\" sizes=\"auto, (max-width: 1024px) 100vw, 1024px\" \/><\/figure>\n\n\n\n<figure class=\"wp-block-image size-large\"><img loading=\"lazy\" decoding=\"async\" width=\"1024\" height=\"683\" data-id=\"319\" src=\"https:\/\/staging.capannaadula.casticino.ch\/wp-content\/uploads\/2024\/04\/IMG_9873-1024x683.jpg\" alt=\"\" class=\"wp-image-319\" srcset=\"https:\/\/capannaadula.casticino.ch\/wp-content\/uploads\/2024\/04\/IMG_9873-1024x683.jpg 1024w, https:\/\/capannaadula.casticino.ch\/wp-content\/uploads\/2024\/04\/IMG_9873-300x200.jpg 300w, https:\/\/capannaadula.casticino.ch\/wp-content\/uploads\/2024\/04\/IMG_9873-768x512.jpg 768w, https:\/\/capannaadula.casticino.ch\/wp-content\/uploads\/2024\/04\/IMG_9873-1536x1024.jpg 1536w, https:\/\/capannaadula.casticino.ch\/wp-content\/uploads\/2024\/04\/IMG_9873-2048x1366.jpg 2048w\" sizes=\"auto, (max-width: 1024px) 100vw, 1024px\" \/><\/figure>\n<\/figure>\n<\/div><\/div><\/div>\n\n\n\n<div class=\"wp-block-stackable-column stk-block-column stk-column stk-block stk-b3d7681\" data-v=\"4\" role=\"tabpanel\" data-block-id=\"b3d7681\"><div class=\"stk-column-wrapper stk-block-column__content stk-container stk-b3d7681-container stk--no-background stk--no-padding\"><div class=\"stk-block-content stk-inner-blocks stk-b3d7681-inner-blocks\">\n<figure class=\"wp-block-gallery has-nested-images columns-default is-cropped wp-block-gallery-2 is-layout-flex wp-block-gallery-is-layout-flex\">\n<figure class=\"wp-block-image size-large\"><img loading=\"lazy\" decoding=\"async\" width=\"1024\" height=\"768\" data-id=\"313\" src=\"https:\/\/staging.capannaadula.casticino.ch\/wp-content\/uploads\/2024\/04\/IMG_9248-1024x768.jpg\" alt=\"\" class=\"wp-image-313\" srcset=\"https:\/\/capannaadula.casticino.ch\/wp-content\/uploads\/2024\/04\/IMG_9248-1024x768.jpg 1024w, https:\/\/capannaadula.casticino.ch\/wp-content\/uploads\/2024\/04\/IMG_9248-300x225.jpg 300w, https:\/\/capannaadula.casticino.ch\/wp-content\/uploads\/2024\/04\/IMG_9248-768x576.jpg 768w, https:\/\/capannaadula.casticino.ch\/wp-content\/uploads\/2024\/04\/IMG_9248-1536x1152.jpg 1536w, https:\/\/capannaadula.casticino.ch\/wp-content\/uploads\/2024\/04\/IMG_9248-2048x1536.jpg 2048w\" sizes=\"auto, (max-width: 1024px) 100vw, 1024px\" \/><\/figure>\n<\/figure>\n<\/div><\/div><\/div>\n\n\n\n<div class=\"wp-block-stackable-column stk-block-column stk-column stk-block stk-fab989d\" data-v=\"4\" role=\"tabpanel\" data-block-id=\"fab989d\"><div class=\"stk-column-wrapper stk-block-column__content stk-container stk-fab989d-container stk--no-background stk--no-padding\"><div class=\"stk-block-content stk-inner-blocks stk-fab989d-inner-blocks\">\n<figure class=\"wp-block-gallery has-nested-images columns-default is-cropped wp-block-gallery-3 is-layout-flex wp-block-gallery-is-layout-flex\">\n<figure class=\"wp-block-image size-large\"><img loading=\"lazy\" decoding=\"async\" width=\"1024\" height=\"768\" data-id=\"320\" src=\"https:\/\/staging.capannaadula.casticino.ch\/wp-content\/uploads\/2024\/04\/bocchetta-fornee-est-1-1024x768.jpg\" alt=\"\" class=\"wp-image-320\" srcset=\"https:\/\/capannaadula.casticino.ch\/wp-content\/uploads\/2024\/04\/bocchetta-fornee-est-1-1024x768.jpg 1024w, https:\/\/capannaadula.casticino.ch\/wp-content\/uploads\/2024\/04\/bocchetta-fornee-est-1-300x225.jpg 300w, https:\/\/capannaadula.casticino.ch\/wp-content\/uploads\/2024\/04\/bocchetta-fornee-est-1-768x576.jpg 768w, https:\/\/capannaadula.casticino.ch\/wp-content\/uploads\/2024\/04\/bocchetta-fornee-est-1-1536x1152.jpg 1536w, https:\/\/capannaadula.casticino.ch\/wp-content\/uploads\/2024\/04\/bocchetta-fornee-est-1-2048x1536.jpg 2048w\" sizes=\"auto, (max-width: 1024px) 100vw, 1024px\" \/><\/figure>\n\n\n\n<figure class=\"wp-block-image size-large\"><img loading=\"lazy\" decoding=\"async\" width=\"700\" height=\"467\" data-id=\"223\" src=\"https:\/\/staging.capannaadula.casticino.ch\/wp-content\/uploads\/2024\/04\/A00.jpg\" alt=\"\" class=\"wp-image-223\" srcset=\"https:\/\/capannaadula.casticino.ch\/wp-content\/uploads\/2024\/04\/A00.jpg 700w, https:\/\/capannaadula.casticino.ch\/wp-content\/uploads\/2024\/04\/A00-300x200.jpg 300w\" sizes=\"auto, (max-width: 700px) 100vw, 700px\" \/><\/figure>\n\n\n\n<figure class=\"wp-block-image size-large\"><img loading=\"lazy\" decoding=\"async\" width=\"1024\" height=\"768\" data-id=\"321\" src=\"https:\/\/staging.capannaadula.casticino.ch\/wp-content\/uploads\/2024\/04\/carassina-13-of-17-1-1024x768.jpg\" alt=\"\" class=\"wp-image-321\" srcset=\"https:\/\/capannaadula.casticino.ch\/wp-content\/uploads\/2024\/04\/carassina-13-of-17-1-1024x768.jpg 1024w, https:\/\/capannaadula.casticino.ch\/wp-content\/uploads\/2024\/04\/carassina-13-of-17-1-300x225.jpg 300w, https:\/\/capannaadula.casticino.ch\/wp-content\/uploads\/2024\/04\/carassina-13-of-17-1-768x576.jpg 768w, https:\/\/capannaadula.casticino.ch\/wp-content\/uploads\/2024\/04\/carassina-13-of-17-1-1536x1152.jpg 1536w, https:\/\/capannaadula.casticino.ch\/wp-content\/uploads\/2024\/04\/carassina-13-of-17-1-2048x1536.jpg 2048w\" sizes=\"auto, (max-width: 1024px) 100vw, 1024px\" \/><\/figure>\n\n\n\n<figure class=\"wp-block-image size-large\"><img loading=\"lazy\" decoding=\"async\" width=\"680\" height=\"1024\" data-id=\"322\" src=\"https:\/\/staging.capannaadula.casticino.ch\/wp-content\/uploads\/2024\/04\/DSC_0378-680x1024.jpg\" alt=\"\" class=\"wp-image-322\" srcset=\"https:\/\/capannaadula.casticino.ch\/wp-content\/uploads\/2024\/04\/DSC_0378-680x1024.jpg 680w, https:\/\/capannaadula.casticino.ch\/wp-content\/uploads\/2024\/04\/DSC_0378-199x300.jpg 199w, https:\/\/capannaadula.casticino.ch\/wp-content\/uploads\/2024\/04\/DSC_0378-768x1156.jpg 768w, https:\/\/capannaadula.casticino.ch\/wp-content\/uploads\/2024\/04\/DSC_0378-1020x1536.jpg 1020w, https:\/\/capannaadula.casticino.ch\/wp-content\/uploads\/2024\/04\/DSC_0378-1360x2048.jpg 1360w, https:\/\/capannaadula.casticino.ch\/wp-content\/uploads\/2024\/04\/DSC_0378-scaled.jpg 1700w\" sizes=\"auto, (max-width: 680px) 100vw, 680px\" \/><\/figure>\n\n\n\n<figure class=\"wp-block-image size-large\"><img loading=\"lazy\" decoding=\"async\" width=\"1024\" height=\"683\" data-id=\"323\" src=\"https:\/\/staging.capannaadula.casticino.ch\/wp-content\/uploads\/2024\/04\/IMG_8981-1024x683.jpg\" alt=\"\" class=\"wp-image-323\" srcset=\"https:\/\/capannaadula.casticino.ch\/wp-content\/uploads\/2024\/04\/IMG_8981-1024x683.jpg 1024w, https:\/\/capannaadula.casticino.ch\/wp-content\/uploads\/2024\/04\/IMG_8981-300x200.jpg 300w, https:\/\/capannaadula.casticino.ch\/wp-content\/uploads\/2024\/04\/IMG_8981-768x512.jpg 768w, https:\/\/capannaadula.casticino.ch\/wp-content\/uploads\/2024\/04\/IMG_8981-1536x1024.jpg 1536w, https:\/\/capannaadula.casticino.ch\/wp-content\/uploads\/2024\/04\/IMG_8981-2048x1365.jpg 2048w\" sizes=\"auto, (max-width: 1024px) 100vw, 1024px\" \/><\/figure>\n\n\n\n<figure class=\"wp-block-image size-large\"><img loading=\"lazy\" decoding=\"async\" width=\"1024\" height=\"768\" data-id=\"324\" src=\"https:\/\/staging.capannaadula.casticino.ch\/wp-content\/uploads\/2024\/04\/IMG_9223-1024x768.jpg\" alt=\"\" class=\"wp-image-324\" srcset=\"https:\/\/capannaadula.casticino.ch\/wp-content\/uploads\/2024\/04\/IMG_9223-1024x768.jpg 1024w, https:\/\/capannaadula.casticino.ch\/wp-content\/uploads\/2024\/04\/IMG_9223-300x225.jpg 300w, https:\/\/capannaadula.casticino.ch\/wp-content\/uploads\/2024\/04\/IMG_9223-768x576.jpg 768w, https:\/\/capannaadula.casticino.ch\/wp-content\/uploads\/2024\/04\/IMG_9223-1536x1152.jpg 1536w, https:\/\/capannaadula.casticino.ch\/wp-content\/uploads\/2024\/04\/IMG_9223-2048x1536.jpg 2048w\" sizes=\"auto, (max-width: 1024px) 100vw, 1024px\" \/><\/figure>\n\n\n\n<figure class=\"wp-block-image size-large\"><img loading=\"lazy\" decoding=\"async\" width=\"1024\" height=\"768\" data-id=\"332\" src=\"https:\/\/staging.capannaadula.casticino.ch\/wp-content\/uploads\/2024\/05\/IMG_6330-1024x768.jpg\" alt=\"\" class=\"wp-image-332\" srcset=\"https:\/\/capannaadula.casticino.ch\/wp-content\/uploads\/2024\/05\/IMG_6330-1024x768.jpg 1024w, https:\/\/capannaadula.casticino.ch\/wp-content\/uploads\/2024\/05\/IMG_6330-300x225.jpg 300w, https:\/\/capannaadula.casticino.ch\/wp-content\/uploads\/2024\/05\/IMG_6330-768x576.jpg 768w, https:\/\/capannaadula.casticino.ch\/wp-content\/uploads\/2024\/05\/IMG_6330-1536x1152.jpg 1536w, https:\/\/capannaadula.casticino.ch\/wp-content\/uploads\/2024\/05\/IMG_6330-2048x1536.jpg 2048w\" sizes=\"auto, (max-width: 1024px) 100vw, 1024px\" \/><\/figure>\n<\/figure>\n<\/div><\/div><\/div>\n<\/div><\/div>\n<\/div><\/div>\n","protected":false},"excerpt":{"rendered":"<p>Innere\/\u00e4u\u00dfere H\u00fctte Speisen und Getr\u00e4nke Umgebung<\/p>\n","protected":false},"author":2,"featured_media":0,"parent":0,"menu_order":0,"comment_status":"closed","ping_status":"closed","template":"","meta":{"footnotes":""},"class_list":["post-330","page","type-page","status-publish","hentry"],"_links":{"self":[{"href":"https:\/\/capannaadula.casticino.ch\/index.php?rest_route=\/wp\/v2\/pages\/330","targetHints":{"allow":["GET"]}}],"collection":[{"href":"https:\/\/capannaadula.casticino.ch\/index.php?rest_route=\/wp\/v2\/pages"}],"about":[{"href":"https:\/\/capannaadula.casticino.ch\/index.php?rest_route=\/wp\/v2\/types\/page"}],"author":[{"embeddable":true,"href":"https:\/\/capannaadula.casticino.ch\/index.php?rest_route=\/wp\/v2\/users\/2"}],"replies":[{"embeddable":true,"href":"https:\/\/capannaadula.casticino.ch\/index.php?rest_route=%2Fwp%2Fv2%2Fcomments&post=330"}],"version-history":[{"count":1,"href":"https:\/\/capannaadula.casticino.ch\/index.php?rest_route=\/wp\/v2\/pages\/330\/revisions"}],"predecessor-version":[{"id":341,"href":"https:\/\/capannaadula.casticino.ch\/index.php?rest_route=\/wp\/v2\/pages\/330\/revisions\/341"}],"wp:attachment":[{"href":"https:\/\/capannaadula.casticino.ch\/index.php?rest_route=%2Fwp%2Fv2%2Fmedia&parent=330"}],"curies":[{"name":"wp","href":"https:\/\/api.w.org\/{rel}","templated":true}]}}