{"id":260,"date":"2024-04-09T13:25:56","date_gmt":"2024-04-09T13:25:56","guid":{"rendered":"https:\/\/staging.capannaadula.casticino.ch\/?page_id=260"},"modified":"2024-06-13T07:56:34","modified_gmt":"2024-06-13T07:56:34","slug":"tourenvorschlage","status":"publish","type":"page","link":"https:\/\/capannaadula.casticino.ch\/?page_id=260&lang=de","title":{"rendered":"TOURENVORSCHL\u00c4GE"},"content":{"rendered":"\n<h3 class=\"wp-block-heading\">4 Vorschl\u00e4ge f\u00fcr Touren von der H\u00fctte aus<\/h3>\n\n\n\n<div style=\"height:81px\" aria-hidden=\"true\" class=\"wp-block-spacer\"><\/div>\n\n\n\n<p>Den Wanderern und Bergsteigern, die mehrere Tage zur Verf\u00fcgung haben, schlagen wir Wanderwege und Bergtouren vor, die ihnen erlauben versteckte und wenig bekannte Ecken der Val Carassino zu entdecken.<\/p>\n\n\n\n<p>Diese Routen sind keine Rundg\u00e4nge, sondern erlauben eine Verbindung zu anderen H\u00fctten. Die \u00abVia alta della Val Carassino\u201d kann in beide Richtungen begangen werden und ist eine optimale Alternative um zu vermeiden, dass man zwei Mal den gleichen Weg gehen muss.<\/p>\n\n\n\n<p>Die \u201cBocchetta di Forn\u00e9e\u201d ist das Tor ins Valsertal. Der Weg ist wild und spektakul\u00e4r. Der \u00dcbergang zur Quarneih\u00fctte ist ein klassischer und sehr beliebter Weg, auch f\u00fcr Familien mit Kindern geeignet.<\/p>\n\n\n\n<div class=\"wp-block-stackable-feature-grid alignwide stk-block-feature-grid stk-block-columns stk-block stk-1527591 is-style-default\" data-block-id=\"1527591\"><div class=\"stk-row stk-inner-blocks has-text-align-center stk-block-content stk-content-align stk-1527591-column alignwide\">\n<div class=\"wp-block-stackable-column stk-block-column stk-column stk-block stk-7f97c19\" data-v=\"4\" data-block-id=\"7f97c19\"><div class=\"stk-column-wrapper stk-block-column__content stk-container stk-7f97c19-container stk-hover-parent\"><div class=\"stk-block-content stk-inner-blocks stk-7f97c19-inner-blocks\">\n<div class=\"wp-block-stackable-image stk-block-image stk-block stk-d041862\" data-block-id=\"d041862\"><figure><span class=\"stk-img-wrapper stk-image--shape-stretch\"><img loading=\"lazy\" decoding=\"async\" class=\"stk-img wp-image-223\" src=\"https:\/\/staging.capannaadula.casticino.ch\/wp-content\/uploads\/2024\/04\/A00.jpg\" width=\"700\" height=\"467\" srcset=\"https:\/\/capannaadula.casticino.ch\/wp-content\/uploads\/2024\/04\/A00.jpg 700w, https:\/\/capannaadula.casticino.ch\/wp-content\/uploads\/2024\/04\/A00-300x200.jpg 300w\" sizes=\"auto, (max-width: 700px) 100vw, 700px\" \/><\/span><\/figure><\/div>\n\n\n\n<div class=\"wp-block-stackable-heading stk-block-heading stk-block-heading--v2 stk-block stk-1aa0cce\" id=\"a-hohenweg-via-alta-carassino\" data-block-id=\"1aa0cce\"><h3 class=\"stk-block-heading__text\">A: H\u00f6henweg Via Alta Carassino<\/h3><\/div>\n\n\n\n<p class=\"has-text-align-left\"><strong>L\u00e4nge<\/strong>: 7,5 km<br><strong>H\u00f6henunterschied<\/strong>: 1&#8217;050&nbsp;metri<br><strong>Marschzeit<\/strong>: ca. 5 Stunden<br><strong>Schwierigkeitsgrad<\/strong>: T5<br><strong>Zu sehen:<\/strong>: Compietto &#8211; Sgiu &#8211; La Colma &#8211; Pinadee &#8211; Bresciana<br><br><br><br><\/p>\n\n\n\n<div class=\"wp-block-stackable-button-group stk-block-button-group stk-block stk-175bfc1\" data-block-id=\"175bfc1\"><div class=\"stk-row stk-inner-blocks stk-block-content stk-button-group\">\n<div class=\"wp-block-stackable-button stk-block-button stk-block stk-f74af0c\" data-block-id=\"f74af0c\"><style>.stk-f74af0c .stk-button{background:#477081 !important}<\/style><a class=\"stk-link stk-button stk--hover-effect-darken\" href=\"https:\/\/capannaadula.casticino.ch\/wp-content\/uploads\/2024\/06\/A-via-alta-della-Val-Carassino-DE.pdf\" target=\"_blank\" rel=\"noreferrer noopener\"><span class=\"stk-button__inner-text\">DETAILS<\/span><\/a><\/div>\n<\/div><\/div>\n<\/div><\/div><\/div>\n\n\n\n<div class=\"wp-block-stackable-column stk-block-column stk-column stk-block stk-8425de3\" data-v=\"4\" data-block-id=\"8425de3\"><div class=\"stk-column-wrapper stk-block-column__content stk-container stk-8425de3-container stk-hover-parent\"><div class=\"stk-block-content stk-inner-blocks stk-8425de3-inner-blocks\">\n<div class=\"wp-block-stackable-image stk-block-image stk-block stk-1e965c9\" data-block-id=\"1e965c9\"><figure><span class=\"stk-img-wrapper stk-image--shape-stretch\"><img loading=\"lazy\" decoding=\"async\" class=\"stk-img wp-image-218\" src=\"https:\/\/staging.capannaadula.casticino.ch\/wp-content\/uploads\/2024\/04\/B.jpg\" width=\"700\" height=\"467\" srcset=\"https:\/\/capannaadula.casticino.ch\/wp-content\/uploads\/2024\/04\/B.jpg 700w, https:\/\/capannaadula.casticino.ch\/wp-content\/uploads\/2024\/04\/B-300x200.jpg 300w\" sizes=\"auto, (max-width: 700px) 100vw, 700px\" \/><\/span><\/figure><\/div>\n\n\n\n<div class=\"wp-block-stackable-heading stk-block-heading stk-block-heading--v2 stk-block stk-8505254\" id=\"b-bander-und-gipfel-vom-carassino-tal\" data-block-id=\"8505254\"><h3 class=\"stk-block-heading__text\">B: B\u00e4nder und Gipfel vom Carassino Tal<\/h3><\/div>\n\n\n\n<div class=\"wp-block-stackable-text stk-block-text stk-block stk-3a04ac7\" data-block-id=\"3a04ac7\"><p class=\"stk-block-text__text has-text-align-left\"><strong>L\u00e4nge<\/strong>: 11,5 km <br><strong>H\u00f6henunterschied<\/strong>: 1000&nbsp;metri<br><strong>Marschzeit<\/strong>: ca. 5 Stunden<br><strong>Schwierigkeitsgrad<\/strong>: T5<br><strong>Zu sehen:<\/strong>: Pizzo Amianto und der alte Bergrutsch, die B\u00e4nder der Schafe, Gemsen, Steinb\u00f6cke und der Adler<\/p><\/div>\n\n\n\n<div class=\"wp-block-stackable-button-group stk-block-button-group stk-block stk-db41edf\" data-block-id=\"db41edf\"><div class=\"stk-row stk-inner-blocks stk-block-content stk-button-group\">\n<div class=\"wp-block-stackable-button stk-block-button stk-block stk-7cc5d94\" data-block-id=\"7cc5d94\"><style>.stk-7cc5d94 .stk-button{background:#477081 !important}<\/style><a class=\"stk-link stk-button stk--hover-effect-darken\" href=\"https:\/\/capannaadula.casticino.ch\/wp-content\/uploads\/2024\/06\/B-cengie-e-vette-della-Val-Carassino-DE.pdf\" target=\"_blank\" rel=\"noreferrer noopener\"><span class=\"stk-button__inner-text\">DETAILS<\/span><\/a><\/div>\n<\/div><\/div>\n<\/div><\/div><\/div>\n\n\n\n<div class=\"wp-block-stackable-column stk-block-column stk-column stk-block stk-47ffc1a\" data-v=\"4\" data-block-id=\"47ffc1a\"><div class=\"stk-column-wrapper stk-block-column__content stk-container stk-47ffc1a-container stk-hover-parent\"><div class=\"stk-block-content stk-inner-blocks stk-47ffc1a-inner-blocks\">\n<div class=\"wp-block-stackable-image stk-block-image stk-block stk-9d6e8c7\" data-block-id=\"9d6e8c7\"><style>.stk-9d6e8c7 .stk-img-wrapper{width:100% !important;height:182px !important}<\/style><figure><span class=\"stk-img-wrapper stk-image--shape-stretch\"><img loading=\"lazy\" decoding=\"async\" class=\"stk-img wp-image-219\" src=\"https:\/\/staging.capannaadula.casticino.ch\/wp-content\/uploads\/2024\/04\/C.jpg\" width=\"700\" height=\"525\" srcset=\"https:\/\/capannaadula.casticino.ch\/wp-content\/uploads\/2024\/04\/C.jpg 700w, https:\/\/capannaadula.casticino.ch\/wp-content\/uploads\/2024\/04\/C-300x225.jpg 300w\" sizes=\"auto, (max-width: 700px) 100vw, 700px\" \/><\/span><\/figure><\/div>\n\n\n\n<div class=\"wp-block-stackable-heading stk-block-heading stk-block-heading--v2 stk-block stk-69843d0\" id=\"c-zur-lantahutte-durch-die-btta-fornee\" data-block-id=\"69843d0\"><h3 class=\"stk-block-heading__text\">C: zur L\u00e4ntah\u00fctte durch die Btta Fornee<\/h3><\/div>\n\n\n\n<p class=\"has-text-align-left\"><strong>L\u00e4nge<\/strong>: 8,7&nbsp;km<br><strong>H\u00f6henunterschied<\/strong>: 1000&nbsp;m <br><strong>Marschzeit<\/strong>: ca. 5 Stunden und 30 min.<br><strong>Schwierigkeitsgrad<\/strong>: T5<br><strong>Zu sehen:<\/strong>: Die Zeichen des Gletscherr\u00fcckgangs, die Gesteine, Steinb\u00f6cke<br><br><\/p>\n\n\n\n<div class=\"wp-block-stackable-button-group stk-block-button-group stk-block stk-2f6a62a\" data-block-id=\"2f6a62a\"><div class=\"stk-row stk-inner-blocks stk-block-content stk-button-group\">\n<div class=\"wp-block-stackable-button stk-block-button stk-block stk-edece5f\" data-block-id=\"edece5f\"><style>.stk-edece5f .stk-button{background:#477081 !important}<\/style><a class=\"stk-link stk-button stk--hover-effect-darken\" href=\"https:\/\/capannaadula.casticino.ch\/wp-content\/uploads\/2024\/06\/C-alla-capanna-Lanta-dalla-Btta-di-Fornee-DE.pdf\" target=\"_blank\" rel=\"noreferrer noopener\"><span class=\"stk-button__inner-text\">DETAILS<\/span><\/a><\/div>\n<\/div><\/div>\n<\/div><\/div><\/div>\n<\/div><\/div>\n\n\n\n<div class=\"wp-block-stackable-feature-grid alignwide stk-block-feature-grid stk-block-columns stk-block stk-5e603a9 is-style-default\" data-block-id=\"5e603a9\"><div class=\"stk-row stk-inner-blocks has-text-align-center stk-block-content stk-content-align stk-5e603a9-column alignwide\">\n<div class=\"wp-block-stackable-column stk-block-column stk-column stk-block stk-e9877a0\" data-v=\"4\" data-block-id=\"e9877a0\"><div class=\"stk-column-wrapper stk-block-column__content stk-container stk-e9877a0-container stk-hover-parent\"><div class=\"stk-block-content stk-inner-blocks stk-e9877a0-inner-blocks\">\n<div class=\"wp-block-stackable-image stk-block-image stk-block stk-08fb247\" data-block-id=\"08fb247\"><style>.stk-08fb247 .stk-img-wrapper{width:100% !important;height:316px !important}<\/style><figure><span class=\"stk-img-wrapper stk-image--shape-stretch\"><img loading=\"lazy\" decoding=\"async\" class=\"stk-img wp-image-220\" src=\"https:\/\/staging.capannaadula.casticino.ch\/wp-content\/uploads\/2024\/04\/D.jpg\" width=\"700\" height=\"467\" srcset=\"https:\/\/capannaadula.casticino.ch\/wp-content\/uploads\/2024\/04\/D.jpg 700w, https:\/\/capannaadula.casticino.ch\/wp-content\/uploads\/2024\/04\/D-300x200.jpg 300w\" sizes=\"auto, (max-width: 700px) 100vw, 700px\" \/><\/span><\/figure><\/div>\n\n\n\n<div class=\"wp-block-stackable-heading stk-block-heading stk-block-heading--v2 stk-block stk-803ace5\" id=\"d-einfache-uberschreitung-zu-quarnei\" data-block-id=\"803ace5\"><h3 class=\"stk-block-heading__text\">D: einfache \u00dcberschreitung zu Quarnei<\/h3><\/div>\n\n\n\n<p class=\"has-text-align-left\"><strong>L\u00e4nge<\/strong>: 4&nbsp;km<br><strong>H\u00f6henunterschied<\/strong>: 700 metri<br><strong>Marschzeit<\/strong>: ca. 3,5 Stunden<br><strong>Schwierigkeitsgrad<\/strong>: T3<br><strong>Zu sehen:<\/strong>: Der Brescianagletscher und seine Agonie, die seitlichen Mor\u00e4nen, der Bergsee Cadabi, die Quarneihochebene<br><br><br><br><br><\/p>\n\n\n\n<div class=\"wp-block-stackable-button-group stk-block-button-group stk-block stk-d81616b\" data-block-id=\"d81616b\"><div class=\"stk-row stk-inner-blocks stk-block-content stk-button-group\">\n<div class=\"wp-block-stackable-button stk-block-button stk-block stk-7adb81b\" data-block-id=\"7adb81b\"><style>.stk-7adb81b .stk-button{background:#477081 !important}<\/style><a class=\"stk-link stk-button stk--hover-effect-darken\" href=\"https:\/\/capannaadula.casticino.ch\/wp-content\/uploads\/2024\/06\/D-facile-traversata-a-Quarnei-DE.pdf\" target=\"_blank\" rel=\"noreferrer noopener\"><span class=\"stk-button__inner-text\">DETAILS<\/span><\/a><\/div>\n<\/div><\/div>\n<\/div><\/div><\/div>\n\n\n\n<div class=\"wp-block-stackable-column stk-block-column stk-column stk-block stk-211741b\" data-v=\"4\" data-block-id=\"211741b\"><div class=\"stk-column-wrapper stk-block-column__content stk-container stk-211741b-container stk-hover-parent\"><div class=\"stk-block-content stk-inner-blocks stk-211741b-inner-blocks\">\n<div class=\"wp-block-stackable-image stk-block-image stk-block stk-aaffb89\" data-block-id=\"aaffb89\"><style>.stk-aaffb89 .stk-img-wrapper{width:96% !important;height:312px !important}<\/style><figure><span class=\"stk-img-wrapper stk-image--shape-stretch\"><img loading=\"lazy\" decoding=\"async\" class=\"stk-img wp-image-383\" src=\"https:\/\/staging.capannaadula.casticino.ch\/wp-content\/uploads\/2024\/06\/crio_Cassimoi.jpg\" width=\"1500\" height=\"1002\" srcset=\"https:\/\/capannaadula.casticino.ch\/wp-content\/uploads\/2024\/06\/crio_Cassimoi.jpg 1500w, https:\/\/capannaadula.casticino.ch\/wp-content\/uploads\/2024\/06\/crio_Cassimoi-300x200.jpg 300w, https:\/\/capannaadula.casticino.ch\/wp-content\/uploads\/2024\/06\/crio_Cassimoi-1024x684.jpg 1024w, https:\/\/capannaadula.casticino.ch\/wp-content\/uploads\/2024\/06\/crio_Cassimoi-768x513.jpg 768w\" sizes=\"auto, (max-width: 1500px) 100vw, 1500px\" \/><\/span><\/figure><\/div>\n\n\n\n<div class=\"wp-block-stackable-heading stk-block-heading stk-block-heading--v2 stk-block stk-c319c7c\" id=\"e-via-crio-tappa-6-dal-pizzo-cassimoi-al-luzzone\" data-block-id=\"c319c7c\"><h3 class=\"stk-block-heading__text\">E: Via Crio \u2013 tappa 6 dal pizzo Cassimoi al Luzzone<\/h3><\/div>\n\n\n\n<div class=\"wp-block-stackable-text stk-block-text stk-block stk-82fa7c1\" data-block-id=\"82fa7c1\"><p class=\"stk-block-text__text has-text-align-left\"><a href=\"https:\/\/www.viacrio.ch\/\">https:\/\/www.viacrio.ch\/<\/a><br><br><strong>L\u00e4nge<\/strong>: 15,9 km <br><strong>H\u00f6henunterschied<\/strong>: +1540 \/ -1950 metri<br><strong>Marschzeit<\/strong>: 8 Stunden<br><strong>Schwierigkeitsgrad<\/strong>: T6 (traversata impegnativa)<br><strong>Zu sehen:<\/strong>: Pizzo Amianto e l&#8217;antica frana, le cenge di pecore, i camosci e gli stambecchi, l&#8217;aquila, la discesa dal Cassinello al passo Soreda, la vista dalle due cime e l\u2019interessante geomorfologia che caratterizza la zona.<\/p><\/div>\n\n\n\n<div class=\"wp-block-stackable-button-group stk-block-button-group stk-block stk-315a401\" data-block-id=\"315a401\"><style>.stk-315a401 .stk-button-group{flex-direction:column !important;align-items:flex-start !important}.stk-315a401 .stk-block{flex-basis:auto !important}<\/style><div class=\"stk-row stk-inner-blocks stk-block-content stk-button-group\">\n<div class=\"wp-block-stackable-button stk-block-button stk-block stk-84aeed3\" data-block-id=\"84aeed3\"><style>.stk-84aeed3 .stk-button{background:#477081 !important}<\/style><a class=\"stk-link stk-button stk--hover-effect-darken\" href=\"https:\/\/capannaadula.casticino.ch\/wp-content\/uploads\/2024\/06\/E-Scaradra-Luzzone-passando-dalla-bocchetta-di-Fornee.pdf\" target=\"_blank\" rel=\"noreferrer noopener\"><span class=\"stk-button__inner-text\">DETAILS<\/span><\/a><\/div>\n\n\n\n<div class=\"wp-block-stackable-button stk-block-button stk-block stk-ae105b2\" data-block-id=\"ae105b2\"><style>.stk-ae105b2 .stk-button{background:#477081 !important}<\/style><a class=\"stk-link stk-button stk--hover-effect-darken\" href=\"https:\/\/capannaadula.casticino.ch\/wp-content\/uploads\/2024\/06\/PROSPETTO_CRIO_de.pdf\" target=\"_blank\" rel=\"noreferrer noopener\"><span class=\"stk-button__inner-text\">PROSPETTO VIA CRIO<\/span><\/a><\/div>\n\n\n\n<div class=\"wp-block-stackable-button stk-block-button stk-block stk-0738dcd\" data-block-id=\"0738dcd\"><style>.stk-0738dcd .stk-button{background:#477081 !important}<\/style><a class=\"stk-link stk-button stk--hover-effect-darken\" href=\"https:\/\/www.viacrio.ch\/s\/006-CRIO-GPX-Adla-UTOE-Scaradra-MV.gpx\" target=\"_blank\" rel=\"noreferrer noopener\"><span class=\"stk-button__inner-text\">TRACCIA GPX<\/span><\/a><\/div>\n<\/div><\/div>\n<\/div><\/div><\/div>\n<\/div><\/div>\n","protected":false},"excerpt":{"rendered":"<p>4 Vorschl\u00e4ge f\u00fcr Touren von der H\u00fctte aus Den Wanderern und Bergsteigern, die mehrere Tage zur Verf\u00fcgung haben, schlagen wir Wanderwege und Bergtouren vor, die ihnen erlauben versteckte und wenig bekannte Ecken der Val Carassino zu entdecken. Diese Routen sind keine Rundg\u00e4nge, sondern erlauben eine Verbindung zu anderen H\u00fctten. Die \u00abVia alta della Val Carassino\u201d [&hellip;]<\/p>\n","protected":false},"author":2,"featured_media":0,"parent":0,"menu_order":0,"comment_status":"closed","ping_status":"closed","template":"","meta":{"footnotes":""},"class_list":["post-260","page","type-page","status-publish","hentry"],"_links":{"self":[{"href":"https:\/\/capannaadula.casticino.ch\/index.php?rest_route=\/wp\/v2\/pages\/260","targetHints":{"allow":["GET"]}}],"collection":[{"href":"https:\/\/capannaadula.casticino.ch\/index.php?rest_route=\/wp\/v2\/pages"}],"about":[{"href":"https:\/\/capannaadula.casticino.ch\/index.php?rest_route=\/wp\/v2\/types\/page"}],"author":[{"embeddable":true,"href":"https:\/\/capannaadula.casticino.ch\/index.php?rest_route=\/wp\/v2\/users\/2"}],"replies":[{"embeddable":true,"href":"https:\/\/capannaadula.casticino.ch\/index.php?rest_route=%2Fwp%2Fv2%2Fcomments&post=260"}],"version-history":[{"count":17,"href":"https:\/\/capannaadula.casticino.ch\/index.php?rest_route=\/wp\/v2\/pages\/260\/revisions"}],"predecessor-version":[{"id":479,"href":"https:\/\/capannaadula.casticino.ch\/index.php?rest_route=\/wp\/v2\/pages\/260\/revisions\/479"}],"wp:attachment":[{"href":"https:\/\/capannaadula.casticino.ch\/index.php?rest_route=%2Fwp%2Fv2%2Fmedia&parent=260"}],"curies":[{"name":"wp","href":"https:\/\/api.w.org\/{rel}","templated":true}]}}