{"id":245,"date":"2024-04-09T13:09:30","date_gmt":"2024-04-09T13:09:30","guid":{"rendered":"https:\/\/staging.capannaadula.casticino.ch\/?page_id=245"},"modified":"2025-03-23T08:51:17","modified_gmt":"2025-03-23T08:51:17","slug":"team-2","status":"publish","type":"page","link":"https:\/\/capannaadula.casticino.ch\/?page_id=245&lang=de","title":{"rendered":"TEAM"},"content":{"rendered":"\n<h3 class=\"wp-block-heading\">Euer Gastgeber\u2026.<\/h3>\n\n\n\n<div style=\"height:100px\" aria-hidden=\"true\" class=\"wp-block-spacer\"><\/div>\n\n\n\n<p><strong>Wer Sie in der H\u00fctte begr\u00fcsst\u2026<\/strong><\/p>\n\n\n\n<p>Hallo!<\/p>\n\n\n\n<p>Ich bin Lele, seit 2024 in der Bergh\u00fctte Adula, zusammen mit meine freundin Mirella.<br>Auch Morena, Monica, Hiba, Chiara und Greta werden mit dabei sein zu helfen.<\/p>\n\n\n\n<p>Meine Liedenschaft f\u00fcr die Berge und die Erfahrungen als Helfer bei anderen H\u00fctten haben mich dazu gebracht meinen Beruf aufzugeben, um inmitten der Natur und der Menschen zu leben W\u00e4hrend der Saison werden wir von jungen Helfern die nicht nur eine Zeit lang arbeiten m\u00f6chten sondern auch eine einzigartige Erfahrung in der H\u00f6he erleben m\u00f6chten unterst\u00fctzt<\/p>\n\n\n\n<p><strong>Ein wahr gewordner Traum.<\/strong><\/p>\n\n\n\n<div style=\"height:100px\" aria-hidden=\"true\" class=\"wp-block-spacer\"><\/div>\n\n\n\n<figure class=\"wp-block-image size-large\"><img loading=\"lazy\" decoding=\"async\" width=\"1024\" height=\"335\" src=\"https:\/\/staging.capannaadula.casticino.ch\/wp-content\/uploads\/2024\/06\/cropped-7e2e67cd-7448-42df-8bfb-ea2a771e3300-1024x335.jpg\" alt=\"\" class=\"wp-image-375\" srcset=\"https:\/\/capannaadula.casticino.ch\/wp-content\/uploads\/2024\/06\/cropped-7e2e67cd-7448-42df-8bfb-ea2a771e3300-1024x335.jpg 1024w, https:\/\/capannaadula.casticino.ch\/wp-content\/uploads\/2024\/06\/cropped-7e2e67cd-7448-42df-8bfb-ea2a771e3300-300x98.jpg 300w, https:\/\/capannaadula.casticino.ch\/wp-content\/uploads\/2024\/06\/cropped-7e2e67cd-7448-42df-8bfb-ea2a771e3300-768x252.jpg 768w, https:\/\/capannaadula.casticino.ch\/wp-content\/uploads\/2024\/06\/cropped-7e2e67cd-7448-42df-8bfb-ea2a771e3300-1536x503.jpg 1536w, https:\/\/capannaadula.casticino.ch\/wp-content\/uploads\/2024\/06\/cropped-7e2e67cd-7448-42df-8bfb-ea2a771e3300.jpg 2000w\" sizes=\"auto, (max-width: 1024px) 100vw, 1024px\" \/><\/figure>\n\n\n\n<div style=\"height:100px\" aria-hidden=\"true\" class=\"wp-block-spacer\"><\/div>\n\n\n\n<div class=\"wp-block-columns is-layout-flex wp-container-core-columns-is-layout-9d6595d7 wp-block-columns-is-layout-flex\">\n<div class=\"wp-block-column is-layout-flow wp-block-column-is-layout-flow\">\n<h2 class=\"wp-block-heading\">Lele<\/h2>\n\n\n\n<figure class=\"wp-block-image size-full\"><img loading=\"lazy\" decoding=\"async\" width=\"350\" height=\"429\" src=\"https:\/\/capannaadula.casticino.ch\/wp-content\/uploads\/2024\/10\/Lele.jpg\" alt=\"\" class=\"wp-image-519\" srcset=\"https:\/\/capannaadula.casticino.ch\/wp-content\/uploads\/2024\/10\/Lele.jpg 350w, https:\/\/capannaadula.casticino.ch\/wp-content\/uploads\/2024\/10\/Lele-245x300.jpg 245w\" sizes=\"auto, (max-width: 350px) 100vw, 350px\" \/><\/figure>\n<\/div>\n\n\n\n<div class=\"wp-block-column is-layout-flow wp-block-column-is-layout-flow\">\n<h2 class=\"wp-block-heading\">Mirella<\/h2>\n\n\n\n<figure class=\"wp-block-image size-full\"><img loading=\"lazy\" decoding=\"async\" width=\"400\" height=\"449\" src=\"https:\/\/staging.capannaadula.casticino.ch\/wp-content\/uploads\/2024\/04\/MIRELLA-e1709198029729-2.jpg\" alt=\"\" class=\"wp-image-190\" srcset=\"https:\/\/capannaadula.casticino.ch\/wp-content\/uploads\/2024\/04\/MIRELLA-e1709198029729-2.jpg 400w, https:\/\/capannaadula.casticino.ch\/wp-content\/uploads\/2024\/04\/MIRELLA-e1709198029729-2-267x300.jpg 267w\" sizes=\"auto, (max-width: 400px) 100vw, 400px\" \/><\/figure>\n<\/div>\n<\/div>\n\n\n\n<div class=\"wp-block-columns is-layout-flex wp-container-core-columns-is-layout-9d6595d7 wp-block-columns-is-layout-flex\">\n<div class=\"wp-block-column is-layout-flow wp-block-column-is-layout-flow\" style=\"flex-basis:50%\">\n<h2 class=\"wp-block-heading\">Morena<\/h2>\n\n\n\n<figure class=\"wp-block-image size-large is-resized\"><img loading=\"lazy\" decoding=\"async\" width=\"768\" height=\"1024\" src=\"https:\/\/capannaadula.casticino.ch\/wp-content\/uploads\/2025\/03\/Morena-1-768x1024.jpg\" alt=\"\" class=\"wp-image-575\" style=\"width:349px;height:auto\" srcset=\"https:\/\/capannaadula.casticino.ch\/wp-content\/uploads\/2025\/03\/Morena-1-768x1024.jpg 768w, https:\/\/capannaadula.casticino.ch\/wp-content\/uploads\/2025\/03\/Morena-1-225x300.jpg 225w, https:\/\/capannaadula.casticino.ch\/wp-content\/uploads\/2025\/03\/Morena-1-1152x1536.jpg 1152w, https:\/\/capannaadula.casticino.ch\/wp-content\/uploads\/2025\/03\/Morena-1.jpg 1536w\" sizes=\"auto, (max-width: 768px) 100vw, 768px\" \/><\/figure>\n<\/div>\n\n\n\n<div class=\"wp-block-column is-layout-flow wp-block-column-is-layout-flow\" style=\"flex-basis:50%\">\n<h2 class=\"wp-block-heading\">Greta<\/h2>\n\n\n\n<figure class=\"wp-block-image size-full\"><img loading=\"lazy\" decoding=\"async\" width=\"400\" height=\"364\" src=\"https:\/\/staging.capannaadula.casticino.ch\/wp-content\/uploads\/2024\/04\/GRETA-e1709198064837-1.jpg\" alt=\"\" class=\"wp-image-186\" srcset=\"https:\/\/capannaadula.casticino.ch\/wp-content\/uploads\/2024\/04\/GRETA-e1709198064837-1.jpg 400w, https:\/\/capannaadula.casticino.ch\/wp-content\/uploads\/2024\/04\/GRETA-e1709198064837-1-300x273.jpg 300w\" sizes=\"auto, (max-width: 400px) 100vw, 400px\" \/><\/figure>\n<\/div>\n<\/div>\n\n\n\n<div class=\"wp-block-columns is-layout-flex wp-container-core-columns-is-layout-9d6595d7 wp-block-columns-is-layout-flex\">\n<div class=\"wp-block-column is-layout-flow wp-block-column-is-layout-flow\" style=\"flex-basis:50%\">\n<h2 class=\"wp-block-heading\">Monica<\/h2>\n\n\n\n<figure class=\"wp-block-image size-large is-resized\"><img loading=\"lazy\" decoding=\"async\" width=\"776\" height=\"1024\" src=\"https:\/\/capannaadula.casticino.ch\/wp-content\/uploads\/2025\/03\/4735e735-559a-4869-825f-1f18179ea79c-776x1024.jpg\" alt=\"\" class=\"wp-image-566\" style=\"width:349px;height:auto\" srcset=\"https:\/\/capannaadula.casticino.ch\/wp-content\/uploads\/2025\/03\/4735e735-559a-4869-825f-1f18179ea79c-776x1024.jpg 776w, https:\/\/capannaadula.casticino.ch\/wp-content\/uploads\/2025\/03\/4735e735-559a-4869-825f-1f18179ea79c-227x300.jpg 227w, https:\/\/capannaadula.casticino.ch\/wp-content\/uploads\/2025\/03\/4735e735-559a-4869-825f-1f18179ea79c-768x1013.jpg 768w, https:\/\/capannaadula.casticino.ch\/wp-content\/uploads\/2025\/03\/4735e735-559a-4869-825f-1f18179ea79c.jpg 1163w\" sizes=\"auto, (max-width: 776px) 100vw, 776px\" \/><\/figure>\n<\/div>\n\n\n\n<div class=\"wp-block-column is-layout-flow wp-block-column-is-layout-flow\" style=\"flex-basis:50%\">\n<h2 class=\"wp-block-heading\">Hiba<\/h2>\n\n\n\n<figure class=\"wp-block-image size-full is-resized\"><img loading=\"lazy\" decoding=\"async\" width=\"1200\" height=\"1599\" src=\"https:\/\/capannaadula.casticino.ch\/wp-content\/uploads\/2025\/03\/Hiba-2.jpg\" alt=\"\" class=\"wp-image-577\" style=\"width:274px;height:auto\" srcset=\"https:\/\/capannaadula.casticino.ch\/wp-content\/uploads\/2025\/03\/Hiba-2.jpg 1200w, https:\/\/capannaadula.casticino.ch\/wp-content\/uploads\/2025\/03\/Hiba-2-225x300.jpg 225w, https:\/\/capannaadula.casticino.ch\/wp-content\/uploads\/2025\/03\/Hiba-2-768x1023.jpg 768w, https:\/\/capannaadula.casticino.ch\/wp-content\/uploads\/2025\/03\/Hiba-2-1153x1536.jpg 1153w\" sizes=\"auto, (max-width: 1200px) 100vw, 1200px\" \/><\/figure>\n<\/div>\n<\/div>\n\n\n\n<div class=\"wp-block-columns is-layout-flex wp-container-core-columns-is-layout-9d6595d7 wp-block-columns-is-layout-flex\">\n<div class=\"wp-block-column is-layout-flow wp-block-column-is-layout-flow\" style=\"flex-basis:50%\">\n<h2 class=\"wp-block-heading\">Greta<\/h2>\n\n\n\n<figure class=\"wp-block-image size-large is-resized\"><img loading=\"lazy\" decoding=\"async\" width=\"1024\" height=\"940\" src=\"https:\/\/capannaadula.casticino.ch\/wp-content\/uploads\/2024\/10\/Chiara-1-1024x940.jpg\" alt=\"\" class=\"wp-image-522\" style=\"width:349px;height:auto\" srcset=\"https:\/\/capannaadula.casticino.ch\/wp-content\/uploads\/2024\/10\/Chiara-1-1024x940.jpg 1024w, https:\/\/capannaadula.casticino.ch\/wp-content\/uploads\/2024\/10\/Chiara-1-300x275.jpg 300w, https:\/\/capannaadula.casticino.ch\/wp-content\/uploads\/2024\/10\/Chiara-1-768x705.jpg 768w, https:\/\/capannaadula.casticino.ch\/wp-content\/uploads\/2024\/10\/Chiara-1.jpg 1182w\" sizes=\"auto, (max-width: 1024px) 100vw, 1024px\" \/><\/figure>\n<\/div>\n\n\n\n<div class=\"wp-block-column is-layout-flow wp-block-column-is-layout-flow\" style=\"flex-basis:50%\">\n<h2 class=\"wp-block-heading\"><\/h2>\n<\/div>\n<\/div>\n\n\n\n<p><\/p>\n","protected":false},"excerpt":{"rendered":"<p>Euer Gastgeber\u2026. Wer Sie in der H\u00fctte begr\u00fcsst\u2026 Hallo! Ich bin Lele, seit 2024 in der Bergh\u00fctte Adula, zusammen mit meine freundin Mirella.Auch Morena, Monica, Hiba, Chiara und Greta werden mit dabei sein zu helfen. Meine Liedenschaft f\u00fcr die Berge und die Erfahrungen als Helfer bei anderen H\u00fctten haben mich dazu gebracht meinen Beruf aufzugeben, [&hellip;]<\/p>\n","protected":false},"author":2,"featured_media":0,"parent":0,"menu_order":0,"comment_status":"closed","ping_status":"closed","template":"","meta":{"footnotes":""},"class_list":["post-245","page","type-page","status-publish","hentry"],"_links":{"self":[{"href":"https:\/\/capannaadula.casticino.ch\/index.php?rest_route=\/wp\/v2\/pages\/245","targetHints":{"allow":["GET"]}}],"collection":[{"href":"https:\/\/capannaadula.casticino.ch\/index.php?rest_route=\/wp\/v2\/pages"}],"about":[{"href":"https:\/\/capannaadula.casticino.ch\/index.php?rest_route=\/wp\/v2\/types\/page"}],"author":[{"embeddable":true,"href":"https:\/\/capannaadula.casticino.ch\/index.php?rest_route=\/wp\/v2\/users\/2"}],"replies":[{"embeddable":true,"href":"https:\/\/capannaadula.casticino.ch\/index.php?rest_route=%2Fwp%2Fv2%2Fcomments&post=245"}],"version-history":[{"count":6,"href":"https:\/\/capannaadula.casticino.ch\/index.php?rest_route=\/wp\/v2\/pages\/245\/revisions"}],"predecessor-version":[{"id":598,"href":"https:\/\/capannaadula.casticino.ch\/index.php?rest_route=\/wp\/v2\/pages\/245\/revisions\/598"}],"wp:attachment":[{"href":"https:\/\/capannaadula.casticino.ch\/index.php?rest_route=%2Fwp%2Fv2%2Fmedia&parent=245"}],"curies":[{"name":"wp","href":"https:\/\/api.w.org\/{rel}","templated":true}]}}